{"id":43866,"date":"2017-11-13T16:08:36","date_gmt":"2017-11-12T16:08:36","guid":{"rendered":"https:\/\/www.sylvie-monthule.com\/?post_type=product&#038;p=43866\/"},"modified":"2026-03-23T09:37:37","modified_gmt":"2026-03-23T08:37:37","slug":"string-cuir-lion-argent","status":"publish","type":"product","link":"https:\/\/www.sylvie-monthule.com\/fr\/bijou\/string-cuir-lion-argent\/","title":{"rendered":"String Cuir Lion Argent"},"content":{"rendered":"<p>La puissance d&rsquo;un Lion ornant le cuir noir\u2026 Un lion, embl\u00eame de force et de libert\u00e9. D\u00e9tails subtils de cette crini\u00e8re d&rsquo;Argent si sauvage, de ces muscles tendus, du cristal pur prisonnier entre les crocs du f\u00e9lin\u2026 Oserez-vous glisser votre verge dans ce string bijou, go\u00fbter \u00e0 la caresse du cuir, \u00e0 la rondeur des chaines ? Oserez-vous faire d\u00e9couvrir \u00e0 votre partenaire, ce lion si beau&#8230;<\/p>\n","protected":false},"excerpt":{"rendered":"<p>Grace \u00e0 ses \u00e9lastiques en coton doux et tres souples vous positionnez le String Bijou \u00e0 la perfection.<\/p>\n<p>String bijou cuir . Avec lion serti. Cristal noir. Chaines maille for\u00e7at.<br \/>\nTraitement plaqu\u00e9 argent 10 microns sur m\u00e9tal.<br \/>\nElastiques noirs en coton. Lavable main.<br \/>\nHypoallerg\u00e9nique.<\/p>\n","protected":false},"featured_media":42975,"template":"","meta":{"_acf_changed":false},"product_brand":[],"product_cat":[1865,1677],"product_tag":[],"class_list":{"0":"post-43866","1":"product","2":"type-product","3":"status-publish","4":"has-post-thumbnail","6":"product_cat-promotions","7":"product_cat-nos-offres-fin-de-series","8":"collection-nuit-amour-a-venise","9":"product_option-tableau-tailles","10":"product_option-entretien-cuir","12":"first","13":"instock","14":"sale","15":"taxable","16":"shipping-taxable","17":"purchasable","18":"product-type-simple"},"acf":[],"_links":{"self":[{"href":"https:\/\/www.sylvie-monthule.com\/fr\/wp-json\/wp\/v2\/product\/43866","targetHints":{"allow":["GET"]}}],"collection":[{"href":"https:\/\/www.sylvie-monthule.com\/fr\/wp-json\/wp\/v2\/product"}],"about":[{"href":"https:\/\/www.sylvie-monthule.com\/fr\/wp-json\/wp\/v2\/types\/product"}],"wp:featuredmedia":[{"embeddable":true,"href":"https:\/\/www.sylvie-monthule.com\/fr\/wp-json\/wp\/v2\/media\/42975"}],"wp:attachment":[{"href":"https:\/\/www.sylvie-monthule.com\/fr\/wp-json\/wp\/v2\/media?parent=43866"}],"wp:term":[{"taxonomy":"product_brand","embeddable":true,"href":"https:\/\/www.sylvie-monthule.com\/fr\/wp-json\/wp\/v2\/product_brand?post=43866"},{"taxonomy":"product_cat","embeddable":true,"href":"https:\/\/www.sylvie-monthule.com\/fr\/wp-json\/wp\/v2\/product_cat?post=43866"},{"taxonomy":"product_tag","embeddable":true,"href":"https:\/\/www.sylvie-monthule.com\/fr\/wp-json\/wp\/v2\/product_tag?post=43866"}],"curies":[{"name":"wp","href":"https:\/\/api.w.org\/{rel}","templated":true}]}}