{"id":43845,"date":"2017-11-13T16:08:18","date_gmt":"2017-11-12T16:08:18","guid":{"rendered":"https:\/\/www.sylvie-monthule.com\/?post_type=product&#038;p=43845\/"},"modified":"2025-02-17T08:48:12","modified_gmt":"2025-02-17T07:48:12","slug":"bijou-cheville-larme-demotion-or","status":"publish","type":"product","link":"https:\/\/www.sylvie-monthule.com\/fr\/bijou\/bijou-cheville-larme-demotion-or\/","title":{"rendered":"Bijou Cheville Larme d&rsquo;Emotion Or"},"content":{"rendered":"<p>Juste une larme d&rsquo;\u00e9motion\u2026 Une fine larme d&rsquo;Or cisel\u00e9e, sculpt\u00e9e, \u00e0 la cambrure de votre cheville\u2026 Une petite larme d&rsquo;Amour, sensuelle, l\u00e9g\u00e8re.<\/p>\n","protected":false},"excerpt":{"rendered":"<p>Bijou cheville avec 2 positions de r\u00e9glage, \u00e0 22 et 25 cm.<\/p>\n<p>Bijou Cheville chaine fine plaqu\u00e9 or 3 microns 16 carats<br \/>\net finition 24 carats sur m\u00e9tal.<br \/>\nPetite goutte ouvrag\u00e9e en pendentif.<br \/>\nHypoallerg\u00e9nique.<\/p>\n","protected":false},"featured_media":42563,"template":"","meta":{"_acf_changed":false},"product_brand":[],"product_cat":[58,67],"product_tag":[],"class_list":{"0":"post-43845","1":"product","2":"type-product","3":"status-publish","4":"has-post-thumbnail","6":"product_cat-bijou-intime-femme","7":"product_cat-bijoux-taille-et-cheville","8":"collection-nuit-amour-a-venise","10":"first","11":"instock","12":"taxable","13":"shipping-taxable","14":"purchasable","15":"product-type-simple"},"acf":[],"_links":{"self":[{"href":"https:\/\/www.sylvie-monthule.com\/fr\/wp-json\/wp\/v2\/product\/43845","targetHints":{"allow":["GET"]}}],"collection":[{"href":"https:\/\/www.sylvie-monthule.com\/fr\/wp-json\/wp\/v2\/product"}],"about":[{"href":"https:\/\/www.sylvie-monthule.com\/fr\/wp-json\/wp\/v2\/types\/product"}],"wp:featuredmedia":[{"embeddable":true,"href":"https:\/\/www.sylvie-monthule.com\/fr\/wp-json\/wp\/v2\/media\/42563"}],"wp:attachment":[{"href":"https:\/\/www.sylvie-monthule.com\/fr\/wp-json\/wp\/v2\/media?parent=43845"}],"wp:term":[{"taxonomy":"product_brand","embeddable":true,"href":"https:\/\/www.sylvie-monthule.com\/fr\/wp-json\/wp\/v2\/product_brand?post=43845"},{"taxonomy":"product_cat","embeddable":true,"href":"https:\/\/www.sylvie-monthule.com\/fr\/wp-json\/wp\/v2\/product_cat?post=43845"},{"taxonomy":"product_tag","embeddable":true,"href":"https:\/\/www.sylvie-monthule.com\/fr\/wp-json\/wp\/v2\/product_tag?post=43845"}],"curies":[{"name":"wp","href":"https:\/\/api.w.org\/{rel}","templated":true}]}}