{"id":43840,"date":"2017-11-13T16:08:15","date_gmt":"2017-11-12T16:08:15","guid":{"rendered":"https:\/\/www.sylvie-monthule.com\/?post_type=product&#038;p=43840\/"},"modified":"2025-02-17T08:47:31","modified_gmt":"2025-02-17T07:47:31","slug":"bijoux-seins-larmes-demotions-argent","status":"publish","type":"product","link":"https:\/\/www.sylvie-monthule.com\/fr\/bijou\/bijoux-seins-larmes-demotions-argent\/","title":{"rendered":"Bijoux Seins Larmes d&rsquo;Emotions Argent"},"content":{"rendered":"<p>Deux Gouttes d\u2019Argent finement sculpt\u00e9es caressent vos seins. Suspendues \u00e0 vos t\u00e9tons dress\u00e9s, les gouttes virevoltent, suivent avec volupt\u00e9, les mouvements de votre corps. Les gouttes sont comme deux larmes d\u2019argent , deux larmes d\u2019\u00e9motion qui scintillent sur votre peau. Leurs fr\u00f4lements sur vos seins sont si d\u00e9licieux !<\/p>\n","protected":false},"excerpt":{"rendered":"<div>\n<p>Bijou sein avec \u201cAttache-seins\u201d non piercing,<br \/>\nindolores et coulissantes s\u2019adaptant<br \/>\n\u00e0 toutes les tailles de t\u00e9tons.<\/p>\n<p>Gouttes seins avec traitement haute dorure<br \/>\nPlaqu\u00e9 argent 10 microns sur m\u00e9tal.<br \/>\nHypoallerg\u00e9niques.<\/p>\n<\/div>\n","protected":false},"featured_media":42481,"template":"","meta":{"_acf_changed":false},"product_brand":[],"product_cat":[58,69],"product_tag":[],"class_list":{"0":"post-43840","1":"product","2":"type-product","3":"status-publish","4":"has-post-thumbnail","6":"product_cat-bijou-intime-femme","7":"product_cat-bijoux-seins-non-piercing","8":"collection-nuit-amour-a-venise","9":"product_option-vendu-par-paire","11":"first","12":"instock","13":"taxable","14":"shipping-taxable","15":"purchasable","16":"product-type-simple"},"acf":[],"_links":{"self":[{"href":"https:\/\/www.sylvie-monthule.com\/fr\/wp-json\/wp\/v2\/product\/43840","targetHints":{"allow":["GET"]}}],"collection":[{"href":"https:\/\/www.sylvie-monthule.com\/fr\/wp-json\/wp\/v2\/product"}],"about":[{"href":"https:\/\/www.sylvie-monthule.com\/fr\/wp-json\/wp\/v2\/types\/product"}],"wp:featuredmedia":[{"embeddable":true,"href":"https:\/\/www.sylvie-monthule.com\/fr\/wp-json\/wp\/v2\/media\/42481"}],"wp:attachment":[{"href":"https:\/\/www.sylvie-monthule.com\/fr\/wp-json\/wp\/v2\/media?parent=43840"}],"wp:term":[{"taxonomy":"product_brand","embeddable":true,"href":"https:\/\/www.sylvie-monthule.com\/fr\/wp-json\/wp\/v2\/product_brand?post=43840"},{"taxonomy":"product_cat","embeddable":true,"href":"https:\/\/www.sylvie-monthule.com\/fr\/wp-json\/wp\/v2\/product_cat?post=43840"},{"taxonomy":"product_tag","embeddable":true,"href":"https:\/\/www.sylvie-monthule.com\/fr\/wp-json\/wp\/v2\/product_tag?post=43840"}],"curies":[{"name":"wp","href":"https:\/\/api.w.org\/{rel}","templated":true}]}}