{"id":43839,"date":"2017-11-13T16:08:14","date_gmt":"2017-11-12T16:08:14","guid":{"rendered":"https:\/\/www.sylvie-monthule.com\/?post_type=product&#038;p=43839\/"},"modified":"2025-02-17T08:47:32","modified_gmt":"2025-02-17T07:47:32","slug":"bijoux-seins-larmes-demotions-or","status":"publish","type":"product","link":"https:\/\/www.sylvie-monthule.com\/fr\/bijou\/bijoux-seins-larmes-demotions-or\/","title":{"rendered":"Bijoux Seins Larmes d&rsquo;Emotions Or"},"content":{"rendered":"<p style=\"text-align: justify;\">Deux Gouttes d&rsquo;Or finement sculpt\u00e9es caressent vos seins. Suspendues \u00e0 vos t\u00e9tons dress\u00e9s, les gouttes virevoltent, suivent avec volupt\u00e9, les mouvements de votre corps. Les gouttes sont comme deux larmes d&rsquo;or , deux larmes d&rsquo;\u00e9motion qui scintillent sur votre peau. Leurs fr\u00f4lements sur vos seins sont si d\u00e9licieux !<\/p>\n","protected":false},"excerpt":{"rendered":"<p>Bijou sein avec \u00ab\u00a0Attache-seins\u00a0\u00bb non piercing,<br \/>\nindolores et coulissantes s&rsquo;adaptant<br \/>\n\u00e0 toutes les tailles de t\u00e9tons.<\/p>\n<p>Gouttes seins avec traitement haute dorure<br \/>\n1 micron 16 carats et finition 24 carats sur m\u00e9tal.<br \/>\nHypoallerg\u00e9niques.<\/p>\n","protected":false},"featured_media":42463,"template":"","meta":{"_acf_changed":false},"product_brand":[],"product_cat":[58,69],"product_tag":[],"class_list":{"0":"post-43839","1":"product","2":"type-product","3":"status-publish","4":"has-post-thumbnail","6":"product_cat-bijou-intime-femme","7":"product_cat-bijoux-seins-non-piercing","8":"collection-nuit-amour-a-venise","9":"product_option-vendu-par-paire","11":"first","12":"instock","13":"taxable","14":"shipping-taxable","15":"purchasable","16":"product-type-simple"},"acf":[],"_links":{"self":[{"href":"https:\/\/www.sylvie-monthule.com\/fr\/wp-json\/wp\/v2\/product\/43839","targetHints":{"allow":["GET"]}}],"collection":[{"href":"https:\/\/www.sylvie-monthule.com\/fr\/wp-json\/wp\/v2\/product"}],"about":[{"href":"https:\/\/www.sylvie-monthule.com\/fr\/wp-json\/wp\/v2\/types\/product"}],"wp:featuredmedia":[{"embeddable":true,"href":"https:\/\/www.sylvie-monthule.com\/fr\/wp-json\/wp\/v2\/media\/42463"}],"wp:attachment":[{"href":"https:\/\/www.sylvie-monthule.com\/fr\/wp-json\/wp\/v2\/media?parent=43839"}],"wp:term":[{"taxonomy":"product_brand","embeddable":true,"href":"https:\/\/www.sylvie-monthule.com\/fr\/wp-json\/wp\/v2\/product_brand?post=43839"},{"taxonomy":"product_cat","embeddable":true,"href":"https:\/\/www.sylvie-monthule.com\/fr\/wp-json\/wp\/v2\/product_cat?post=43839"},{"taxonomy":"product_tag","embeddable":true,"href":"https:\/\/www.sylvie-monthule.com\/fr\/wp-json\/wp\/v2\/product_tag?post=43839"}],"curies":[{"name":"wp","href":"https:\/\/api.w.org\/{rel}","templated":true}]}}