{"id":3979,"date":"2014-11-22T00:00:00","date_gmt":"2014-11-21T23:00:00","guid":{"rendered":"http:\/\/www.sylvie-monthule.com\/?product=string-eventail-or-penetrant"},"modified":"2026-02-02T15:45:58","modified_gmt":"2026-02-02T14:45:58","slug":"string-eventail-or-penetrant","status":"publish","type":"product","link":"https:\/\/www.sylvie-monthule.com\/fr\/bijou\/string-eventail-or-penetrant\/","title":{"rendered":"String Eventail Or P\u00e9n\u00e9trant"},"content":{"rendered":"<p>Un string en forme d&rsquo;\u00e9ventail a d\u00e9ploy\u00e9 sa beaut\u00e9 f\u00e9erique sur votre intimit\u00e9. Arabesques, fines dentelles d&rsquo;Or, \u00e9mail noir, en composent la splendeur. Sur le velout\u00e9 de votre peau, ses courbes sont exquises, parfaites. De Chaque cot\u00e9 de vos l\u00e8vres, l&rsquo;\u00e9ventail fait glisser ses perles noires, si douces, si intimes. Savourez le plaisir de porter l&rsquo;\u00e9ventail pur puis invitez son chapelet p\u00e9n\u00e9trant&#8230; Suspendez la chaine dans l&rsquo;anneau qui s\u00e9pare les perles, et immiscez les 2 boules noires une \u00e0 une&#8230; La premi\u00e8re plus petite, puis la seconde&#8230; En vous, elles se rencontrent, s&rsquo;entrechoquent, comme des boules geisha et diffusent mille plaisirs qui montent en secret&#8230; Seule, la chaine d&rsquo;Or qui suit vos l\u00e8vres, trahira leur pr\u00e9sence. Vous seule, sentirez la Jouissance qui vous inonde!<\/p>\n","protected":false},"excerpt":{"rendered":"<p>Grace \u00e0 ses \u00e9lastiques en coton doux et tres souples<br \/>\nvous positionnez le String Bijou \u00e0 la perfection.<\/p>\n<p>Bijou avec traitement haute dorure 1 micron<br \/>\n16 carats et finition 24 carats sur m\u00e9tal.<br \/>\nEventail lisse et doux,\u00a0 Avec \u00e9mail noir. Perles noires<br \/>\nPendentif Chapelet amovible avec 2 boules en r\u00e9sine noire (diam\u00e8tre 24 et 34 mm)<br \/>\nLongueur totale du chapelet : 25 cm env.<br \/>\nBijou Hypoallerg\u00e9nique.<\/p>\n","protected":false},"featured_media":15629,"template":"","meta":{"_acf_changed":false},"product_brand":[],"product_cat":[58,60],"product_tag":[],"class_list":{"0":"post-3979","1":"product","2":"type-product","3":"status-publish","4":"has-post-thumbnail","6":"product_cat-bijou-intime-femme","7":"product_cat-bijoux-penetrants-femme","8":"collection-les-bijoux-sortilege-fr","9":"product_option-conseils-entretien","11":"first","12":"instock","13":"taxable","14":"shipping-taxable","15":"purchasable","16":"product-type-simple"},"acf":[],"_links":{"self":[{"href":"https:\/\/www.sylvie-monthule.com\/fr\/wp-json\/wp\/v2\/product\/3979","targetHints":{"allow":["GET"]}}],"collection":[{"href":"https:\/\/www.sylvie-monthule.com\/fr\/wp-json\/wp\/v2\/product"}],"about":[{"href":"https:\/\/www.sylvie-monthule.com\/fr\/wp-json\/wp\/v2\/types\/product"}],"wp:featuredmedia":[{"embeddable":true,"href":"https:\/\/www.sylvie-monthule.com\/fr\/wp-json\/wp\/v2\/media\/15629"}],"wp:attachment":[{"href":"https:\/\/www.sylvie-monthule.com\/fr\/wp-json\/wp\/v2\/media?parent=3979"}],"wp:term":[{"taxonomy":"product_brand","embeddable":true,"href":"https:\/\/www.sylvie-monthule.com\/fr\/wp-json\/wp\/v2\/product_brand?post=3979"},{"taxonomy":"product_cat","embeddable":true,"href":"https:\/\/www.sylvie-monthule.com\/fr\/wp-json\/wp\/v2\/product_cat?post=3979"},{"taxonomy":"product_tag","embeddable":true,"href":"https:\/\/www.sylvie-monthule.com\/fr\/wp-json\/wp\/v2\/product_tag?post=3979"}],"curies":[{"name":"wp","href":"https:\/\/api.w.org\/{rel}","templated":true}]}}