{"id":3960,"date":"2014-11-21T00:00:00","date_gmt":"2014-11-20T23:00:00","guid":{"rendered":"http:\/\/www.sylvie-monthule.com\/?product=string-eventail-libertin-pompon-or"},"modified":"2026-01-21T14:50:19","modified_gmt":"2026-01-21T13:50:19","slug":"string-eventail-libertin-pompon-or","status":"publish","type":"product","link":"https:\/\/www.sylvie-monthule.com\/fr\/bijou\/string-eventail-libertin-pompon-or\/","title":{"rendered":"String Eventail Libertin Pompon Or"},"content":{"rendered":"<p>Un string \u00e9ventail f\u00e9erique a d\u00e9ploy\u00e9 sa beaut\u00e9 sur votre nudit\u00e9. Arabesques, fines dentelles d&rsquo;Or, \u00e9mail noir, en composent la splendeur. Sur le velout\u00e9 de votre peau, ses courbes sont exquises, parfaites. De Chaque cot\u00e9 de vos l\u00e8vres, l&rsquo;\u00e9ventail fait glisser ses perles noires, si douces, si intimes. Savourez le plaisir de porter l&rsquo;\u00e9ventail pur puis inviter son pendentif libertin et placez le pompon intime dans l&rsquo;anneau qui s\u00e9pare les perles. Go\u00fbtez aux incessantes caresses des chaines juste assez pesantes qui fouettent vos l\u00e8vres&#8230; go\u00fbtez aux secousses libertines aux fouettements si excitants sur votre sexe, sur votre clitoris ! Succombez seule, avant d&rsquo;ensorceler votre partenaire!<\/p>\n","protected":false},"excerpt":{"rendered":"<p>Grace \u00e0 ses \u00e9lastiques en coton doux et tres souples<br \/>\nvous positionnez le String Bijou \u00e0 la perfection.<\/p>\n<p>Bijou avec traitement haute dorure<br \/>\n1 micron 16 carats et finition 24 carats sur m\u00e9tal.<br \/>\nElastiques en coton cot\u00e9s et dos.<br \/>\nEventail lisse et doux, l\u00e9g\u00e8rement courb\u00e9.<br \/>\nAvec \u00e9mail noir. Perles noires en verre de boh\u00eame.<br \/>\nPendentif Pompon chaines fines,<br \/>\namovible gr\u00e2ce au mousqueton.<br \/>\nLongueur Pompon, env 5 cm. Hypoallerg\u00e9nique.<\/p>\n","protected":false},"featured_media":15612,"template":"","meta":{"_acf_changed":false},"product_brand":[],"product_cat":[58,59],"product_tag":[],"class_list":{"0":"post-3960","1":"product","2":"type-product","3":"status-publish","4":"has-post-thumbnail","6":"product_cat-bijou-intime-femme","7":"product_cat-strings-bijoux","8":"collection-les-bijoux-sortilege-fr","9":"product_option-tableau-tailles","10":"product_option-conseils-entretien","11":"product_option-entretien-cuir","13":"first","14":"instock","15":"taxable","16":"shipping-taxable","17":"purchasable","18":"product-type-simple"},"acf":[],"_links":{"self":[{"href":"https:\/\/www.sylvie-monthule.com\/fr\/wp-json\/wp\/v2\/product\/3960","targetHints":{"allow":["GET"]}}],"collection":[{"href":"https:\/\/www.sylvie-monthule.com\/fr\/wp-json\/wp\/v2\/product"}],"about":[{"href":"https:\/\/www.sylvie-monthule.com\/fr\/wp-json\/wp\/v2\/types\/product"}],"wp:featuredmedia":[{"embeddable":true,"href":"https:\/\/www.sylvie-monthule.com\/fr\/wp-json\/wp\/v2\/media\/15612"}],"wp:attachment":[{"href":"https:\/\/www.sylvie-monthule.com\/fr\/wp-json\/wp\/v2\/media?parent=3960"}],"wp:term":[{"taxonomy":"product_brand","embeddable":true,"href":"https:\/\/www.sylvie-monthule.com\/fr\/wp-json\/wp\/v2\/product_brand?post=3960"},{"taxonomy":"product_cat","embeddable":true,"href":"https:\/\/www.sylvie-monthule.com\/fr\/wp-json\/wp\/v2\/product_cat?post=3960"},{"taxonomy":"product_tag","embeddable":true,"href":"https:\/\/www.sylvie-monthule.com\/fr\/wp-json\/wp\/v2\/product_tag?post=3960"}],"curies":[{"name":"wp","href":"https:\/\/api.w.org\/{rel}","templated":true}]}}