{"id":3928,"date":"2014-11-22T00:00:00","date_gmt":"2014-11-21T23:00:00","guid":{"rendered":"http:\/\/www.sylvie-monthule.com\/?product=string-brandebourg-caresse-or"},"modified":"2026-01-21T14:42:46","modified_gmt":"2026-01-21T13:42:46","slug":"string-brandebourg-caresse-or","status":"publish","type":"product","link":"https:\/\/www.sylvie-monthule.com\/fr\/bijou\/string-brandebourg-caresse-or\/","title":{"rendered":"String Brandebourg Caresse Or"},"content":{"rendered":"<p>Glissez votre Corps dans un String Bijou aux caresses os\u00e9es. Le Brandebourg qui orne votre pubis est un ravissement pour les sens. Sa beaut\u00e9 et sa douceur, son \u00e9clat, sa pierre h\u00e9matite lov\u00e9e au centre de ses courbes pures &#8230; D\u00e9couvrez le Plaisir de sentir les chaines orn\u00e9es de perles pleines, qui telles des vagues, ondulent sur votre sexe, sur vos l\u00e8vres. Elles bougent en cadence et frappent la peau sans cesse, diffusent des vibrations, des caresses. Abandonnez-vous \u00e0 leurs battements! Plus bas, votre sexe frissonnant s&rsquo;offre \u00e0 tous les jeux de l&rsquo;amour.<\/p>\n","protected":false},"excerpt":{"rendered":"<p>Grace \u00e0 ses \u00e9lastiques en coton doux et tr\u00e8s souples<br \/>\nvous positionnez le String Bijou \u00e0 la perfection.<\/p>\n<p>Bijou avec traitement haute dorure 1 micron<br \/>\n16 carats et finition 24 carats sur m\u00e9tal.<br \/>\nElastiques en coton cot\u00e9s et dos.<br \/>\nBrandebourg avec pierre col h\u00e9matite.<br \/>\nChaines fines et boules.<br \/>\nHypoallerg\u00e9nique.<\/p>\n","protected":false},"featured_media":15584,"template":"","meta":{"_acf_changed":false},"product_brand":[],"product_cat":[58,59],"product_tag":[],"class_list":{"0":"post-3928","1":"product","2":"type-product","3":"status-publish","4":"has-post-thumbnail","6":"product_cat-bijou-intime-femme","7":"product_cat-strings-bijoux","8":"collection-les-bijoux-sortilege-fr","9":"product_option-tableau-tailles","11":"first","12":"instock","13":"taxable","14":"shipping-taxable","15":"purchasable","16":"product-type-simple"},"acf":[],"_links":{"self":[{"href":"https:\/\/www.sylvie-monthule.com\/fr\/wp-json\/wp\/v2\/product\/3928","targetHints":{"allow":["GET"]}}],"collection":[{"href":"https:\/\/www.sylvie-monthule.com\/fr\/wp-json\/wp\/v2\/product"}],"about":[{"href":"https:\/\/www.sylvie-monthule.com\/fr\/wp-json\/wp\/v2\/types\/product"}],"wp:featuredmedia":[{"embeddable":true,"href":"https:\/\/www.sylvie-monthule.com\/fr\/wp-json\/wp\/v2\/media\/15584"}],"wp:attachment":[{"href":"https:\/\/www.sylvie-monthule.com\/fr\/wp-json\/wp\/v2\/media?parent=3928"}],"wp:term":[{"taxonomy":"product_brand","embeddable":true,"href":"https:\/\/www.sylvie-monthule.com\/fr\/wp-json\/wp\/v2\/product_brand?post=3928"},{"taxonomy":"product_cat","embeddable":true,"href":"https:\/\/www.sylvie-monthule.com\/fr\/wp-json\/wp\/v2\/product_cat?post=3928"},{"taxonomy":"product_tag","embeddable":true,"href":"https:\/\/www.sylvie-monthule.com\/fr\/wp-json\/wp\/v2\/product_tag?post=3928"}],"curies":[{"name":"wp","href":"https:\/\/api.w.org\/{rel}","templated":true}]}}