{"id":3740,"date":"2014-11-29T00:00:00","date_gmt":"2014-11-28T23:00:00","guid":{"rendered":"http:\/\/www.sylvie-monthule.com\/?product=chapelet-homme-penetrant"},"modified":"2026-04-29T07:41:20","modified_gmt":"2026-04-29T06:41:20","slug":"chapelet-boules-anales-homme","status":"publish","type":"product","link":"https:\/\/www.sylvie-monthule.com\/fr\/bijou\/chapelet-boules-anales-homme\/","title":{"rendered":"Chapelet boules anales homme"},"content":{"rendered":"<p style=\"text-align: justify;\">Un bijou d&rsquo;anus pour d\u00e9couvrir de nouveaux plaisirs ! Les 3 boules Noir Brillant ou Bleu Saphir aux reflets transparents, s&rsquo;immisceront en vous \u00e0 la perfection. Mouvements subtils des boules en r\u00e9sine, hypoallerg\u00e9niques, qui se rencontrent, s&rsquo;entrechoquent et provoquent des caresses troublantes si intenses, si secr\u00e8tes&#8230; pour vivre des Plaisirs d&rsquo;Homme! L&rsquo;anneau grav\u00e9, oscillant sur la peau, battra en cadence \u00e0 chacun de vos pas.<\/p>\n","protected":false},"excerpt":{"rendered":"<p>Bijou d&rsquo;anus pour homme<br \/>\navec chapelet de 3 boules.<\/p>\n<p>Boules diam\u00e8tre 24 mm. R\u00e9sine Noir Brillant, ou Bleu.<br \/>\nChaines soud\u00e9es. Longueur pendentif ; 8 cm.<br \/>\nhaute dorure 1 micron 16 carats et finition 24 carats<br \/>\nAnneau grav\u00e9 \u00ab\u00a0pour toi\u00a0\u00bb.<br \/>\nLavable eau savonneuse<br \/>\nHypoallerg\u00e9nique.<\/p>\n","protected":false},"featured_media":15424,"template":"","meta":{"_acf_changed":false},"product_brand":[],"product_cat":[56,73],"product_tag":[],"class_list":{"0":"post-3740","1":"product","2":"type-product","3":"status-publish","4":"has-post-thumbnail","6":"product_cat-bijoux-hommes","7":"product_cat-bijoux-penetrants","8":"collection-les-bijoux-sortilege-fr","9":"product_option-conseils-entretien","11":"first","12":"outofstock","13":"taxable","14":"shipping-taxable","15":"purchasable","16":"product-type-simple"},"acf":[],"_links":{"self":[{"href":"https:\/\/www.sylvie-monthule.com\/fr\/wp-json\/wp\/v2\/product\/3740","targetHints":{"allow":["GET"]}}],"collection":[{"href":"https:\/\/www.sylvie-monthule.com\/fr\/wp-json\/wp\/v2\/product"}],"about":[{"href":"https:\/\/www.sylvie-monthule.com\/fr\/wp-json\/wp\/v2\/types\/product"}],"wp:featuredmedia":[{"embeddable":true,"href":"https:\/\/www.sylvie-monthule.com\/fr\/wp-json\/wp\/v2\/media\/15424"}],"wp:attachment":[{"href":"https:\/\/www.sylvie-monthule.com\/fr\/wp-json\/wp\/v2\/media?parent=3740"}],"wp:term":[{"taxonomy":"product_brand","embeddable":true,"href":"https:\/\/www.sylvie-monthule.com\/fr\/wp-json\/wp\/v2\/product_brand?post=3740"},{"taxonomy":"product_cat","embeddable":true,"href":"https:\/\/www.sylvie-monthule.com\/fr\/wp-json\/wp\/v2\/product_cat?post=3740"},{"taxonomy":"product_tag","embeddable":true,"href":"https:\/\/www.sylvie-monthule.com\/fr\/wp-json\/wp\/v2\/product_tag?post=3740"}],"curies":[{"name":"wp","href":"https:\/\/api.w.org\/{rel}","templated":true}]}}