{"id":3731,"date":"2014-11-21T00:00:00","date_gmt":"2014-11-20T23:00:00","guid":{"rendered":"http:\/\/www.sylvie-monthule.com\/?product=chapelet-femme-penetrant"},"modified":"2026-04-29T12:04:08","modified_gmt":"2026-04-29T11:04:08","slug":"chapelet-femme-penetrant","status":"publish","type":"product","link":"https:\/\/www.sylvie-monthule.com\/fr\/bijou\/chapelet-femme-penetrant\/","title":{"rendered":"Chapelet Femme P\u00e9n\u00e9trant"},"content":{"rendered":"<p>Vous choisirez le Chapelet Or et Noir, ou Or et Bleu&#8230; Les trois petites boules se glisseront une \u00e0 une, avec ravissement&#8230;l\u00e0 ou vous le souhaiterez. Boules anales ou Boules vaginales selon vos d\u00e9sirs, selon vos envies, pour diff\u00e9rents Plaisirs, pour diff\u00e9rentes extases ! Seul l&rsquo;anneau ovalis\u00e9 et grav\u00e9, en terminaison de la chaine, trahira la pr\u00e9sence de votre Chapelet&#8230; D\u00e9licieuse vision!<\/p>\n","protected":false},"excerpt":{"rendered":"<p>Chapelet anal ou vaginal avec 3 Boules de diam\u00e8tre 24 mm en r\u00e9sine Noir Brillant, ou Bleu transparent.<br \/>\nChaines soud\u00e9es, maille ronde. Bijou avec traitement haute dorure 1 micron 16 carats et finition 24 carats sur m\u00e9tal. Hypoallerg\u00e9niques.<br \/>\nLongueur chaine pendentif env 8 cm. Anneau Ovalis\u00e9e en terminaison<br \/>\navec face grav\u00e9e \u00ab\u00a0Pour Toi\u00a0\u00bb.<br \/>\nBijoux Lavables \u00e0 l&rsquo;eau savonneuse.<\/p>\n","protected":false},"featured_media":15416,"template":"","meta":{"_acf_changed":false},"product_brand":[],"product_cat":[58,60],"product_tag":[],"class_list":{"0":"post-3731","1":"product","2":"type-product","3":"status-publish","4":"has-post-thumbnail","6":"product_cat-bijou-intime-femme","7":"product_cat-bijoux-penetrants-femme","8":"collection-les-bijoux-sortilege-fr","9":"product_option-conseils-entretien","11":"first","12":"instock","13":"taxable","14":"shipping-taxable","15":"purchasable","16":"product-type-simple"},"acf":[],"_links":{"self":[{"href":"https:\/\/www.sylvie-monthule.com\/fr\/wp-json\/wp\/v2\/product\/3731","targetHints":{"allow":["GET"]}}],"collection":[{"href":"https:\/\/www.sylvie-monthule.com\/fr\/wp-json\/wp\/v2\/product"}],"about":[{"href":"https:\/\/www.sylvie-monthule.com\/fr\/wp-json\/wp\/v2\/types\/product"}],"wp:featuredmedia":[{"embeddable":true,"href":"https:\/\/www.sylvie-monthule.com\/fr\/wp-json\/wp\/v2\/media\/15416"}],"wp:attachment":[{"href":"https:\/\/www.sylvie-monthule.com\/fr\/wp-json\/wp\/v2\/media?parent=3731"}],"wp:term":[{"taxonomy":"product_brand","embeddable":true,"href":"https:\/\/www.sylvie-monthule.com\/fr\/wp-json\/wp\/v2\/product_brand?post=3731"},{"taxonomy":"product_cat","embeddable":true,"href":"https:\/\/www.sylvie-monthule.com\/fr\/wp-json\/wp\/v2\/product_cat?post=3731"},{"taxonomy":"product_tag","embeddable":true,"href":"https:\/\/www.sylvie-monthule.com\/fr\/wp-json\/wp\/v2\/product_tag?post=3731"}],"curies":[{"name":"wp","href":"https:\/\/api.w.org\/{rel}","templated":true}]}}