{"id":3720,"date":"2014-11-22T00:00:00","date_gmt":"2014-11-21T23:00:00","guid":{"rendered":"http:\/\/www.sylvie-monthule.com\/?product=boules-geisha-couleurs"},"modified":"2026-01-26T14:17:45","modified_gmt":"2026-01-26T13:17:45","slug":"boules-geisha-couleurs","status":"publish","type":"product","link":"https:\/\/www.sylvie-monthule.com\/fr\/bijou\/boules-geisha-couleurs\/","title":{"rendered":"Boules Geisha Couleurs"},"content":{"rendered":"<p>Succombez \u00e0 la beaut\u00e9 de boules geisha \u00e9l\u00e9gantes et os\u00e9es. Etendue sur le velours rouge de votre sofa, vous d\u00e9couvrez le raffinement de Bijoux cr\u00e9\u00e9s pour le Plaisir&#8230; Des Boules Geisha v\u00eatues de Noir Brillant, de Rose ou de Bleu transparents, infiniment lisses et douces. Caressez-les, jouez avec elles&#8230; Puis, laissez-vous aller au plaisir de sensations intenses, invitez-les&#8230; En vous, elles se cognent, s&rsquo;entrechoquent et diffusent mille vibrations. Abandonnez-vous \u00e0 la Jouissance.<\/p>\n","protected":false},"excerpt":{"rendered":"<p>Boules de diam\u00e8tre 34 mm en r\u00e9sine<br \/>\nNoir Brillant, Mauve ou Bleu transparents.<br \/>\nChaine soud\u00e9e, maille ronde. Bijou avec traitement haute dorure<br \/>\n1 micron 16 carats et finition 24 carats sur m\u00e9tal.<\/p>\n<p>Longueur chaine pendentif env 9 cm.<br \/>\nAnneau Ovalis\u00e9e en terminaison<br \/>\navec gravure \u00ab\u00a0Pour Toi\u00a0\u00bb.<br \/>\nLongueur totale Bijou : env 23 cm.<br \/>\nLavables \u00e0 l&rsquo;eau savonneuse.<br \/>\nHypoallerg\u00e9nique<\/p>\n","protected":false},"featured_media":15406,"template":"","meta":{"_acf_changed":false},"product_brand":[],"product_cat":[58,60],"product_tag":[],"class_list":{"0":"post-3720","1":"product","2":"type-product","3":"status-publish","4":"has-post-thumbnail","6":"product_cat-bijou-intime-femme","7":"product_cat-bijoux-penetrants-femme","8":"collection-les-bijoux-sortilege-fr","9":"product_option-conseils-entretien","11":"first","12":"instock","13":"taxable","14":"shipping-taxable","15":"purchasable","16":"product-type-simple"},"acf":[],"_links":{"self":[{"href":"https:\/\/www.sylvie-monthule.com\/fr\/wp-json\/wp\/v2\/product\/3720","targetHints":{"allow":["GET"]}}],"collection":[{"href":"https:\/\/www.sylvie-monthule.com\/fr\/wp-json\/wp\/v2\/product"}],"about":[{"href":"https:\/\/www.sylvie-monthule.com\/fr\/wp-json\/wp\/v2\/types\/product"}],"wp:featuredmedia":[{"embeddable":true,"href":"https:\/\/www.sylvie-monthule.com\/fr\/wp-json\/wp\/v2\/media\/15406"}],"wp:attachment":[{"href":"https:\/\/www.sylvie-monthule.com\/fr\/wp-json\/wp\/v2\/media?parent=3720"}],"wp:term":[{"taxonomy":"product_brand","embeddable":true,"href":"https:\/\/www.sylvie-monthule.com\/fr\/wp-json\/wp\/v2\/product_brand?post=3720"},{"taxonomy":"product_cat","embeddable":true,"href":"https:\/\/www.sylvie-monthule.com\/fr\/wp-json\/wp\/v2\/product_cat?post=3720"},{"taxonomy":"product_tag","embeddable":true,"href":"https:\/\/www.sylvie-monthule.com\/fr\/wp-json\/wp\/v2\/product_tag?post=3720"}],"curies":[{"name":"wp","href":"https:\/\/api.w.org\/{rel}","templated":true}]}}