{"id":3362,"date":"2012-11-26T00:00:00","date_gmt":"2012-11-25T23:00:00","guid":{"rendered":"http:\/\/www.sylvie-monthule.com\/?product=soutien-gorge-nuit-de-satin-argent"},"modified":"2026-03-18T10:56:35","modified_gmt":"2026-03-18T09:56:35","slug":"soutien-gorge-nuit-de-satin-argent","status":"publish","type":"product","link":"https:\/\/www.sylvie-monthule.com\/fr\/bijou\/soutien-gorge-nuit-de-satin-argent\/","title":{"rendered":"Soutien Gorge Nuit de Satin Argent"},"content":{"rendered":"<p>Un magnifique bijou soutien-gorge ouvert, enti\u00e8rement ajustable, compos\u00e9 de chaines d&rsquo;argent et d&rsquo;ornements en satin. Ne r\u00e9sistez pas \u00e0 l&rsquo;\u00e9rotisme de ce bijou de corps, qui sacre votre buste et vos seins ! Bretelles ajustables en satin noir, petits noeuds en satin et chaines argent avec pendentif cristal. Un soutien gorge \u00ab\u00a0seins nus\u00a0\u00bb raffin\u00e9 et sexy, cr\u00e9\u00e9 pour sublimer le d\u00e9sir et la f\u00e9minit\u00e9.<\/p>\n","protected":false},"excerpt":{"rendered":"<p>Soutien-gorge seins nus<br \/>\navec bretelles en satin noir.<br \/>\nBijou avec traitement plaqu\u00e9 argent 10 microns.<br \/>\nOrnements petits n\u0153uds satin noir et<br \/>\ncristal pur \u00e0 facettes.<br \/>\nChaines de r\u00e9glage cou et dos.<br \/>\nHypoallerg\u00e9nique<\/p>\n<p>Un soutien gorge tr\u00e8s confortable,<br \/>\nqui couvre toutes les tailles de bonnets et que<br \/>\nvous ajusterez \u00e0 la perfection gr\u00e2ce \u00e0 ses r\u00e9glages<br \/>\ncou et dos.<\/p>\n","protected":false},"featured_media":14996,"template":"","meta":{"_acf_changed":false},"product_brand":[],"product_cat":[58,61],"product_tag":[],"class_list":{"0":"post-3362","1":"product","2":"type-product","3":"status-publish","4":"has-post-thumbnail","6":"product_cat-bijou-intime-femme","7":"product_cat-soutiens-gorge-bijoux","8":"collection-lart-du-plaisir-fr","10":"first","11":"instock","12":"taxable","13":"shipping-taxable","14":"purchasable","15":"product-type-simple"},"acf":[],"_links":{"self":[{"href":"https:\/\/www.sylvie-monthule.com\/fr\/wp-json\/wp\/v2\/product\/3362","targetHints":{"allow":["GET"]}}],"collection":[{"href":"https:\/\/www.sylvie-monthule.com\/fr\/wp-json\/wp\/v2\/product"}],"about":[{"href":"https:\/\/www.sylvie-monthule.com\/fr\/wp-json\/wp\/v2\/types\/product"}],"wp:featuredmedia":[{"embeddable":true,"href":"https:\/\/www.sylvie-monthule.com\/fr\/wp-json\/wp\/v2\/media\/14996"}],"wp:attachment":[{"href":"https:\/\/www.sylvie-monthule.com\/fr\/wp-json\/wp\/v2\/media?parent=3362"}],"wp:term":[{"taxonomy":"product_brand","embeddable":true,"href":"https:\/\/www.sylvie-monthule.com\/fr\/wp-json\/wp\/v2\/product_brand?post=3362"},{"taxonomy":"product_cat","embeddable":true,"href":"https:\/\/www.sylvie-monthule.com\/fr\/wp-json\/wp\/v2\/product_cat?post=3362"},{"taxonomy":"product_tag","embeddable":true,"href":"https:\/\/www.sylvie-monthule.com\/fr\/wp-json\/wp\/v2\/product_tag?post=3362"}],"curies":[{"name":"wp","href":"https:\/\/api.w.org\/{rel}","templated":true}]}}