{"id":33457,"date":"2016-11-14T18:33:51","date_gmt":"2016-11-14T18:33:51","guid":{"rendered":"https:\/\/www.sylvie-monthule.com\/fr\/?post_type=product&#038;p=33457"},"modified":"2026-02-02T15:41:48","modified_gmt":"2026-02-02T14:41:48","slug":"string-sexe-homme-capture-moi-argent","status":"publish","type":"product","link":"https:\/\/www.sylvie-monthule.com\/fr\/bijou\/string-sexe-homme-capture-moi-argent\/","title":{"rendered":"String sexe homme \u00ab\u00a0Capture-moi \u00a0\u00bb argent"},"content":{"rendered":"<p>Habillez votre corps avec un bijou sexe original et unique ! Un corps de femme comme une sculpture bijou surmonte votre p\u00e9nis. Le bijou femme aux courbes pleines est \u00e0 califourchon sur votre verge : les reins cambr\u00e9s, les jambes \u00e9cart\u00e9es, elle chevauche votre verge, telle une cavali\u00e8re\u2026avec une volupt\u00e9 insens\u00e9e. Les chaines du string enlacent toute la base de votre sexe, et votre p\u00e9nis est libre et offert \u00e0 toutes les caresses, \u00e0 toutes les envies. Un string Bijou pour homme, qui capture votre virilit\u00e9 et joue avec vos fantasmes\u2026 Laissez-vous faire !<\/p>\n","protected":false},"excerpt":{"rendered":"<div>\n<p>Un Bijou string et p\u00e9nis tr\u00e8s confortable<br \/>\nau maintien parfait, gr\u00e2ce \u00e0 sa structure \u00e9lastiqu\u00e9e.<\/p>\n<p>String Bijou avec corps de femme et chaine.<br \/>\nPlaqu\u00e9 argent 10 microns sur m\u00e9tal.<br \/>\nHypoallerg\u00e9nique.<\/p>\n<\/div>\n","protected":false},"featured_media":33350,"template":"","meta":{"_acf_changed":false},"product_brand":[],"product_cat":[56,57],"product_tag":[],"class_list":{"0":"post-33457","1":"product","2":"type-product","3":"status-publish","4":"has-post-thumbnail","6":"product_cat-bijoux-hommes","7":"product_cat-strings-bijoux-homme","8":"collection-les-bijoux-pieges-intimes","9":"product_option-tableau-tailles","11":"first","12":"instock","13":"taxable","14":"shipping-taxable","15":"purchasable","16":"product-type-simple"},"acf":[],"_links":{"self":[{"href":"https:\/\/www.sylvie-monthule.com\/fr\/wp-json\/wp\/v2\/product\/33457","targetHints":{"allow":["GET"]}}],"collection":[{"href":"https:\/\/www.sylvie-monthule.com\/fr\/wp-json\/wp\/v2\/product"}],"about":[{"href":"https:\/\/www.sylvie-monthule.com\/fr\/wp-json\/wp\/v2\/types\/product"}],"wp:featuredmedia":[{"embeddable":true,"href":"https:\/\/www.sylvie-monthule.com\/fr\/wp-json\/wp\/v2\/media\/33350"}],"wp:attachment":[{"href":"https:\/\/www.sylvie-monthule.com\/fr\/wp-json\/wp\/v2\/media?parent=33457"}],"wp:term":[{"taxonomy":"product_brand","embeddable":true,"href":"https:\/\/www.sylvie-monthule.com\/fr\/wp-json\/wp\/v2\/product_brand?post=33457"},{"taxonomy":"product_cat","embeddable":true,"href":"https:\/\/www.sylvie-monthule.com\/fr\/wp-json\/wp\/v2\/product_cat?post=33457"},{"taxonomy":"product_tag","embeddable":true,"href":"https:\/\/www.sylvie-monthule.com\/fr\/wp-json\/wp\/v2\/product_tag?post=33457"}],"curies":[{"name":"wp","href":"https:\/\/api.w.org\/{rel}","templated":true}]}}