{"id":33453,"date":"2016-11-14T18:33:51","date_gmt":"2016-11-14T18:33:51","guid":{"rendered":"https:\/\/www.sylvie-monthule.com\/fr\/?post_type=product&#038;p=33453"},"modified":"2026-04-29T07:45:44","modified_gmt":"2026-04-29T06:45:44","slug":"string-bijou-desire-moi-col-argent","status":"publish","type":"product","link":"https:\/\/www.sylvie-monthule.com\/fr\/bijou\/string-bijou-desire-moi-col-argent\/","title":{"rendered":"String Bijou D\u00e9sire-moi col argent"},"content":{"rendered":"<p>Un string os\u00e9 qui d\u00e9couvre le sexe, tout en l&rsquo;habillant d\u00e9licieusement d&rsquo;argent ! Une courbe d&rsquo;Argent cerne votre jardin secret. Au dessus de cette courbe pure, une femme bijou, voluptueuse gardienne de vos fronti\u00e8res intimes\u2026 La chevelure en arri\u00e8re, les reins cambr\u00e9s, elle semble d\u00e9j\u00e0 s&rsquo;abandonner aux jeux \u00e0 venir&#8230; En dessous, vos l\u00e8vres goutent aux d\u00e9licates caresses du drap\u00e9 de chaines et de la perle gourmande qui oscille. Perle qui parfois disparait entre vos l\u00e8vres&#8230;.\u00a0Sensations exquises ! Invitez votre partenaire \u00e0 franchir la porte, \u00e0 p\u00e9n\u00e9trer l&rsquo;ovale si doux&#8230; Le string Bijou \u00ab\u00a0Desire-Moi\u00a0\u00bb est un rendez-vous pour l&rsquo;Amour&#8230;<\/p>\n","protected":false},"excerpt":{"rendered":"<p>Grace \u00e0 ses \u00e9lastiques en coton doux<br \/>\net tr\u00e8s souples vous positionnez le String Bijou \u00e0 la perfection.<br \/>\nUn Bijou tr\u00e8s confortable au maintien parfait !<\/p>\n<p>String Bijou avec femme, chaines fines<br \/>\net goutte h\u00e9matite en pendentif.<br \/>\nTraitement plaqu\u00e9 argent 10 microns sur m\u00e9tal.<br \/>\nLavable main.<br \/>\nHypoallerg\u00e9nique.<\/p>\n","protected":false},"featured_media":33275,"template":"","meta":{"_acf_changed":false},"product_brand":[],"product_cat":[1865,1677],"product_tag":[],"class_list":{"0":"post-33453","1":"product","2":"type-product","3":"status-publish","4":"has-post-thumbnail","6":"product_cat-promotions","7":"product_cat-nos-offres-fin-de-series","8":"collection-les-bijoux-pieges-intimes","9":"product_option-tableau-tailles","11":"first","12":"instock","13":"sale","14":"taxable","15":"shipping-taxable","16":"purchasable","17":"product-type-simple"},"acf":[],"_links":{"self":[{"href":"https:\/\/www.sylvie-monthule.com\/fr\/wp-json\/wp\/v2\/product\/33453","targetHints":{"allow":["GET"]}}],"collection":[{"href":"https:\/\/www.sylvie-monthule.com\/fr\/wp-json\/wp\/v2\/product"}],"about":[{"href":"https:\/\/www.sylvie-monthule.com\/fr\/wp-json\/wp\/v2\/types\/product"}],"wp:featuredmedia":[{"embeddable":true,"href":"https:\/\/www.sylvie-monthule.com\/fr\/wp-json\/wp\/v2\/media\/33275"}],"wp:attachment":[{"href":"https:\/\/www.sylvie-monthule.com\/fr\/wp-json\/wp\/v2\/media?parent=33453"}],"wp:term":[{"taxonomy":"product_brand","embeddable":true,"href":"https:\/\/www.sylvie-monthule.com\/fr\/wp-json\/wp\/v2\/product_brand?post=33453"},{"taxonomy":"product_cat","embeddable":true,"href":"https:\/\/www.sylvie-monthule.com\/fr\/wp-json\/wp\/v2\/product_cat?post=33453"},{"taxonomy":"product_tag","embeddable":true,"href":"https:\/\/www.sylvie-monthule.com\/fr\/wp-json\/wp\/v2\/product_tag?post=33453"}],"curies":[{"name":"wp","href":"https:\/\/api.w.org\/{rel}","templated":true}]}}