{"id":33451,"date":"2016-11-14T18:33:51","date_gmt":"2016-11-14T18:33:51","guid":{"rendered":"https:\/\/www.sylvie-monthule.com\/fr\/?post_type=product&#038;p=33451"},"modified":"2025-02-17T08:46:50","modified_gmt":"2025-02-17T07:46:50","slug":"string-arome-penetrant-col-argent","status":"publish","type":"product","link":"https:\/\/www.sylvie-monthule.com\/fr\/bijou\/string-arome-penetrant-col-argent\/","title":{"rendered":"String Ar\u00f4me p\u00e9n\u00e9trant col argent"},"content":{"rendered":"<p style=\"text-align: justify;\">Une fleur oblongue et lisse, au c\u0153ur habit\u00e9 d&rsquo;un pistil dr\u00e9sse, glisse dans votre sexe\u2026 Une fleur p\u00e9n\u00e9trante, v\u00eatue d&rsquo;Argent, \u00e0 porter le jour, \u00e0 porter la nuit\u2026 Sa forme en corolle, ses contours, sa douceur subtile, sont une invitation au frisson&#8230; .Lov\u00e9e dans votre jardin secret, le bijou vous enivre de plaisirs infinis, caresse votre sexe et y exerce une pression merveilleuse&#8230; Parfaitement maintenue gr\u00e2ce aux \u00e9lastiques en coton doux,\u00a0la fleur sextoy ne vous quittera plus&#8230; Cueillez le parfum du plaisir, abandonnez-vous \u00e0 l&rsquo;extase !<\/p>\n","protected":false},"excerpt":{"rendered":"<p>Grace \u00e0 ses \u00e9lastiques en coton doux et tres souples<br \/>\nvous positionnez le String Bijou \u00e0 la perfection.<\/p>\n<p>Un Bijou tr\u00e8s confortable au maintien parfait.<\/p>\n<p>String Bijou P\u00e9n\u00e9trant avec traitement plaqu\u00e9 argent sur m\u00e9tal.<br \/>\nLongueur partie p\u00e9n\u00e9trante ; 3 cm<br \/>\nElastique coton. Lavable main. Hypoallerg\u00e9nique.<\/p>\n","protected":false},"featured_media":33242,"template":"","meta":{"_acf_changed":false},"product_brand":[],"product_cat":[58,59,60],"product_tag":[],"class_list":{"0":"post-33451","1":"product","2":"type-product","3":"status-publish","4":"has-post-thumbnail","6":"product_cat-bijou-intime-femme","7":"product_cat-strings-bijoux","8":"product_cat-bijoux-penetrants-femme","9":"collection-les-bijoux-pieges-intimes","10":"product_option-tableau-tailles","12":"first","13":"instock","14":"taxable","15":"shipping-taxable","16":"purchasable","17":"product-type-simple"},"acf":[],"_links":{"self":[{"href":"https:\/\/www.sylvie-monthule.com\/fr\/wp-json\/wp\/v2\/product\/33451","targetHints":{"allow":["GET"]}}],"collection":[{"href":"https:\/\/www.sylvie-monthule.com\/fr\/wp-json\/wp\/v2\/product"}],"about":[{"href":"https:\/\/www.sylvie-monthule.com\/fr\/wp-json\/wp\/v2\/types\/product"}],"wp:featuredmedia":[{"embeddable":true,"href":"https:\/\/www.sylvie-monthule.com\/fr\/wp-json\/wp\/v2\/media\/33242"}],"wp:attachment":[{"href":"https:\/\/www.sylvie-monthule.com\/fr\/wp-json\/wp\/v2\/media?parent=33451"}],"wp:term":[{"taxonomy":"product_brand","embeddable":true,"href":"https:\/\/www.sylvie-monthule.com\/fr\/wp-json\/wp\/v2\/product_brand?post=33451"},{"taxonomy":"product_cat","embeddable":true,"href":"https:\/\/www.sylvie-monthule.com\/fr\/wp-json\/wp\/v2\/product_cat?post=33451"},{"taxonomy":"product_tag","embeddable":true,"href":"https:\/\/www.sylvie-monthule.com\/fr\/wp-json\/wp\/v2\/product_tag?post=33451"}],"curies":[{"name":"wp","href":"https:\/\/api.w.org\/{rel}","templated":true}]}}