{"id":33434,"date":"2016-11-14T18:33:51","date_gmt":"2016-11-14T18:33:51","guid":{"rendered":"https:\/\/www.sylvie-monthule.com\/fr\/?post_type=product&#038;p=33434"},"modified":"2025-03-10T13:17:10","modified_gmt":"2025-03-10T12:17:10","slug":"bustier-drape-piege-col-argent","status":"publish","type":"product","link":"https:\/\/www.sylvie-monthule.com\/fr\/bijou\/bustier-drape-piege-col-argent\/","title":{"rendered":"Bustier Drap\u00e9 Pi\u00e8ge col argent"},"content":{"rendered":"<p style=\"text-align: justify;\">Un drap\u00e9 de chaines d&rsquo;argent habille votre buste. Ce bijou intime est un pi\u00e8ge d\u00e9licieux, un bijou lingerie \u00e9rotique et sensuel qui caresse vos seins, votre corps. Sous les vagues de chaines, votre corps est nu et succombe aux balancements incessants des chaines&#8230; La goutte d&rsquo;argent, en pendentif, vient parfaire la beaut\u00e9 du bijou ! D\u00e9couvrez les \u00ab\u00a0bustiers drap\u00e9\u00a0\u00bb, des bijoux de corps irr\u00e9sistibles, cr\u00e9\u00e9s pour le d\u00e9sir. Vous pourrez ajuster votre bijou \u00e0 votre silhouette, gr\u00e2ce aux chaines r\u00e9glables (au cou et au dos ).<\/p>\n","protected":false},"excerpt":{"rendered":"<p>Un bustier tr\u00e8s confortable, qui couvre toutes les tailles<br \/>\nde bonnets et que vous ajusterez \u00e0 la perfection<br \/>\ngr\u00e2ce \u00e0 ses r\u00e9glages cou et dos.<\/p>\n<p>Bustier avec drap\u00e9 chaines fines<br \/>\net goutte pendentif. Bijou avec traitement<br \/>\nplaqu\u00e9 argent 10 microns<br \/>\nHypoallerg\u00e9nique.<\/p>\n","protected":false},"featured_media":32978,"template":"","meta":{"_acf_changed":false},"product_brand":[],"product_cat":[58,61],"product_tag":[],"class_list":{"0":"post-33434","1":"product","2":"type-product","3":"status-publish","4":"has-post-thumbnail","6":"product_cat-bijou-intime-femme","7":"product_cat-soutiens-gorge-bijoux","8":"collection-les-bijoux-pieges-intimes","10":"first","11":"instock","12":"taxable","13":"shipping-taxable","14":"purchasable","15":"product-type-simple"},"acf":[],"_links":{"self":[{"href":"https:\/\/www.sylvie-monthule.com\/fr\/wp-json\/wp\/v2\/product\/33434","targetHints":{"allow":["GET"]}}],"collection":[{"href":"https:\/\/www.sylvie-monthule.com\/fr\/wp-json\/wp\/v2\/product"}],"about":[{"href":"https:\/\/www.sylvie-monthule.com\/fr\/wp-json\/wp\/v2\/types\/product"}],"wp:featuredmedia":[{"embeddable":true,"href":"https:\/\/www.sylvie-monthule.com\/fr\/wp-json\/wp\/v2\/media\/32978"}],"wp:attachment":[{"href":"https:\/\/www.sylvie-monthule.com\/fr\/wp-json\/wp\/v2\/media?parent=33434"}],"wp:term":[{"taxonomy":"product_brand","embeddable":true,"href":"https:\/\/www.sylvie-monthule.com\/fr\/wp-json\/wp\/v2\/product_brand?post=33434"},{"taxonomy":"product_cat","embeddable":true,"href":"https:\/\/www.sylvie-monthule.com\/fr\/wp-json\/wp\/v2\/product_cat?post=33434"},{"taxonomy":"product_tag","embeddable":true,"href":"https:\/\/www.sylvie-monthule.com\/fr\/wp-json\/wp\/v2\/product_tag?post=33434"}],"curies":[{"name":"wp","href":"https:\/\/api.w.org\/{rel}","templated":true}]}}