{"id":33433,"date":"2016-11-14T18:33:51","date_gmt":"2016-11-14T18:33:51","guid":{"rendered":"https:\/\/www.sylvie-monthule.com\/fr\/?post_type=product&#038;p=33433"},"modified":"2026-03-12T08:56:55","modified_gmt":"2026-03-12T07:56:55","slug":"bustier-drape-piege-col-or","status":"publish","type":"product","link":"https:\/\/www.sylvie-monthule.com\/fr\/bijou\/bustier-drape-piege-col-or\/","title":{"rendered":"Bustier Drap\u00e9 Pi\u00e8ge col or"},"content":{"rendered":"<p style=\"text-align: justify;\">Un drap\u00e9 de chaines d&rsquo;or habille votre buste. Ce bijou intime est un pi\u00e8ge d\u00e9licieux, un bijou lingerie \u00e9rotique et sensuel qui caresse vos seins, votre corps. Sous les vagues de chaines, votre corps est nu et succombe aux balancements incessants des chaines&#8230; La goutte d&rsquo;or, en pendentif, pleine et lisse, vient parfaire la beaut\u00e9 du bijou ! D\u00e9couvrez les \u00ab\u00a0bustiers drap\u00e9\u00a0\u00bb, des bijoux de corps irr\u00e9sistibles, cr\u00e9\u00e9s pour la volupt\u00e9 et le d\u00e9sir. Vous pourrez ajuster votre bijou gr\u00e2ce \u00e0 ses r\u00e9glages cou et au dos.<\/p>\n","protected":false},"excerpt":{"rendered":"<p>Un bustier tr\u00e8s confortable, qui couvre toutes les tailles<br \/>\nde bonnets et que vous ajusterez \u00e0 la perfection<br \/>\ngr\u00e2ce \u00e0 ses r\u00e9glages cou et dos.<\/p>\n<p>Bustier avec drap\u00e9 chaines fines et goutte pendentif.<br \/>\nhaute dorure 1 micron 16 carats et finition<br \/>\n24 carats sur m\u00e9tal.<br \/>\nHypoallerg\u00e9nique.<\/p>\n","protected":false},"featured_media":32957,"template":"","meta":{"_acf_changed":false},"product_brand":[],"product_cat":[58,61],"product_tag":[],"class_list":{"0":"post-33433","1":"product","2":"type-product","3":"status-publish","4":"has-post-thumbnail","6":"product_cat-bijou-intime-femme","7":"product_cat-soutiens-gorge-bijoux","8":"collection-les-bijoux-pieges-intimes","10":"first","11":"instock","12":"taxable","13":"shipping-taxable","14":"purchasable","15":"product-type-simple"},"acf":[],"_links":{"self":[{"href":"https:\/\/www.sylvie-monthule.com\/fr\/wp-json\/wp\/v2\/product\/33433","targetHints":{"allow":["GET"]}}],"collection":[{"href":"https:\/\/www.sylvie-monthule.com\/fr\/wp-json\/wp\/v2\/product"}],"about":[{"href":"https:\/\/www.sylvie-monthule.com\/fr\/wp-json\/wp\/v2\/types\/product"}],"wp:featuredmedia":[{"embeddable":true,"href":"https:\/\/www.sylvie-monthule.com\/fr\/wp-json\/wp\/v2\/media\/32957"}],"wp:attachment":[{"href":"https:\/\/www.sylvie-monthule.com\/fr\/wp-json\/wp\/v2\/media?parent=33433"}],"wp:term":[{"taxonomy":"product_brand","embeddable":true,"href":"https:\/\/www.sylvie-monthule.com\/fr\/wp-json\/wp\/v2\/product_brand?post=33433"},{"taxonomy":"product_cat","embeddable":true,"href":"https:\/\/www.sylvie-monthule.com\/fr\/wp-json\/wp\/v2\/product_cat?post=33433"},{"taxonomy":"product_tag","embeddable":true,"href":"https:\/\/www.sylvie-monthule.com\/fr\/wp-json\/wp\/v2\/product_tag?post=33433"}],"curies":[{"name":"wp","href":"https:\/\/api.w.org\/{rel}","templated":true}]}}