{"id":3302,"date":"2012-11-30T00:00:00","date_gmt":"2012-11-29T23:00:00","guid":{"rendered":"http:\/\/www.sylvie-monthule.com\/?product=bijou-oeuf-anal-or"},"modified":"2026-03-23T09:27:54","modified_gmt":"2026-03-23T08:27:54","slug":"bijou-oeuf-anal-or","status":"publish","type":"product","link":"https:\/\/www.sylvie-monthule.com\/fr\/bijou\/bijou-oeuf-anal-or\/","title":{"rendered":"Bijou Oeuf Anal Or"},"content":{"rendered":"<p>Imaginez des Bijoux d&rsquo;Anus cr\u00e9\u00e9s pour votre jouissance ! Des Objets de Plaisir, os\u00e9s, habill\u00e9s de luxe et de volupt\u00e9. D\u00e9couvrez des oeufs p\u00e9n\u00e9trants, aux reflets noirs et brillants, aussi doux et lisses que le velours. Choisissez votre diam\u00e8tre ; 34 ou 28 mm. Leur forme ovalis\u00e9e s&rsquo;immisce \u00e0 la perfection en vous, et le plaisir vous submerge peu \u00e0 peu. Chaque pas, chaque mouvement vous inonde de sensations. L&rsquo;Oeuf, en complice secret, reste parfaitement en place.\u00a0 Seule, la goutte rebelle suspendue \u00e0 la chaine d&rsquo;Or, oscille entre vos cuisses et r\u00e9v\u00e8le la pr\u00e9sence de votre Bijou&#8230; A d\u00e9guster sans mod\u00e9ration !<\/p>\n","protected":false},"excerpt":{"rendered":"<p>Bijoux pour anus.<br \/>\n\u0152uf anal en r\u00e9sine noir .<br \/>\nDiam\u00e8tre au choix: 34 ou 28 mm.<br \/>\n(Long Oeuf diam\u00e8tre 34 mm : 5 cm.)<br \/>\n(Long Oeuf diam\u00e8tre 28 mm : 4 cm)<br \/>\nChaine soud\u00e9e (8 cm) avec goutte noire .<\/p>\n<p>Tr\u00e8s Haute dorure 1 micron<br \/>\n16 carats et finition 24 carats .<br \/>\nLavable eau savonneuse.<br \/>\nHypoallergenique.<\/p>\n","protected":false},"featured_media":14946,"template":"","meta":{"_acf_changed":false},"product_brand":[],"product_cat":[1865,1870,56,73],"product_tag":[],"class_list":{"0":"post-3302","1":"product","2":"type-product","3":"status-publish","4":"has-post-thumbnail","6":"product_cat-promotions","7":"product_cat-les-promotions-du-moment","8":"product_cat-bijoux-hommes","9":"product_cat-bijoux-penetrants","10":"collection-lart-du-plaisir-fr","11":"product_option-tableau-tailles","12":"product_option-conseils-entretien","14":"first","15":"instock","16":"sale","17":"taxable","18":"shipping-taxable","19":"purchasable","20":"product-type-simple"},"acf":[],"_links":{"self":[{"href":"https:\/\/www.sylvie-monthule.com\/fr\/wp-json\/wp\/v2\/product\/3302","targetHints":{"allow":["GET"]}}],"collection":[{"href":"https:\/\/www.sylvie-monthule.com\/fr\/wp-json\/wp\/v2\/product"}],"about":[{"href":"https:\/\/www.sylvie-monthule.com\/fr\/wp-json\/wp\/v2\/types\/product"}],"wp:featuredmedia":[{"embeddable":true,"href":"https:\/\/www.sylvie-monthule.com\/fr\/wp-json\/wp\/v2\/media\/14946"}],"wp:attachment":[{"href":"https:\/\/www.sylvie-monthule.com\/fr\/wp-json\/wp\/v2\/media?parent=3302"}],"wp:term":[{"taxonomy":"product_brand","embeddable":true,"href":"https:\/\/www.sylvie-monthule.com\/fr\/wp-json\/wp\/v2\/product_brand?post=3302"},{"taxonomy":"product_cat","embeddable":true,"href":"https:\/\/www.sylvie-monthule.com\/fr\/wp-json\/wp\/v2\/product_cat?post=3302"},{"taxonomy":"product_tag","embeddable":true,"href":"https:\/\/www.sylvie-monthule.com\/fr\/wp-json\/wp\/v2\/product_tag?post=3302"}],"curies":[{"name":"wp","href":"https:\/\/api.w.org\/{rel}","templated":true}]}}