{"id":3261,"date":"2012-11-22T00:00:00","date_gmt":"2012-11-21T23:00:00","guid":{"rendered":"http:\/\/www.sylvie-monthule.com\/?product=bijou-oeuf-penetrant-or-perle"},"modified":"2025-11-03T08:49:53","modified_gmt":"2025-11-03T07:49:53","slug":"bijou-oeuf-penetrant-or-perle","status":"publish","type":"product","link":"https:\/\/www.sylvie-monthule.com\/fr\/bijou\/bijou-oeuf-penetrant-or-perle\/","title":{"rendered":"Bijou Oeuf P\u00e9n\u00e9trant Or Perle"},"content":{"rendered":"<p>Imaginez des Bijoux d&rsquo;un raffinement extr\u00eame cr\u00e9\u00e9s pour votre jouissance&#8230; Des Objets de Plaisir, os\u00e9s, habill\u00e9s de luxe et de volupt\u00e9. D\u00e9couvrez des oeufs P\u00e9n\u00e9trants, aux reflets noirs et brillants, aussi doux et lisses que le velours&#8230; pr\u00eats \u00e0 se lover d\u00e9licieusement en vous ! Choisissez le diam\u00e8tre qui vous convient&#8230; 34 ou 28 mm &#8230; Une fois introduit dans votre sexe ou dans votre anus, le plaisir vous submerge peu \u00e0 peu. Chaque pas, chaque mouvement vous inonde de sensations. L&rsquo;Oeuf, en complice secret, reste parfaitement en place. Seule, la goutte noire suspendue \u00e0 la chaine d&rsquo;Or et qui danse entre vos cuisses, trahira la pr\u00e9sence de votre Bijou&#8230; A deguster sans mod\u00e9ration !<\/p>\n","protected":false},"excerpt":{"rendered":"<p>\u0152uf vaginal ou anal en r\u00e9sine noir brillant.<br \/>\nDiam\u00e8tre au choix: 34 ou 28 mm.<br \/>\n(Long \u0152uf dia 34 mm environ 5 cm.<br \/>\nLong Oeuf dia 28 mm environ 4 cm)<\/p>\n<p>Pendentif chaine soud\u00e9e (long chaine env ; 8 cm)<br \/>\navec ornement n\u0153ud satin et goutte noire.<br \/>\nChaine haute dorure 1 micron 16 carats<br \/>\net finition 24 carats sur m\u00e9tal.<br \/>\nLavable eau savonneuse.<br \/>\nHypoallergenique.<\/p>\n","protected":false},"featured_media":14909,"template":"","meta":{"_acf_changed":false},"product_brand":[],"product_cat":[58,60],"product_tag":[],"class_list":{"0":"post-3261","1":"product","2":"type-product","3":"status-publish","4":"has-post-thumbnail","6":"product_cat-bijou-intime-femme","7":"product_cat-bijoux-penetrants-femme","8":"collection-30-ans-derotisme","9":"collection-lart-du-plaisir-fr","10":"product_option-conseils-entretien","12":"first","13":"instock","14":"featured","15":"taxable","16":"shipping-taxable","17":"purchasable","18":"product-type-simple"},"acf":[],"_links":{"self":[{"href":"https:\/\/www.sylvie-monthule.com\/fr\/wp-json\/wp\/v2\/product\/3261","targetHints":{"allow":["GET"]}}],"collection":[{"href":"https:\/\/www.sylvie-monthule.com\/fr\/wp-json\/wp\/v2\/product"}],"about":[{"href":"https:\/\/www.sylvie-monthule.com\/fr\/wp-json\/wp\/v2\/types\/product"}],"wp:featuredmedia":[{"embeddable":true,"href":"https:\/\/www.sylvie-monthule.com\/fr\/wp-json\/wp\/v2\/media\/14909"}],"wp:attachment":[{"href":"https:\/\/www.sylvie-monthule.com\/fr\/wp-json\/wp\/v2\/media?parent=3261"}],"wp:term":[{"taxonomy":"product_brand","embeddable":true,"href":"https:\/\/www.sylvie-monthule.com\/fr\/wp-json\/wp\/v2\/product_brand?post=3261"},{"taxonomy":"product_cat","embeddable":true,"href":"https:\/\/www.sylvie-monthule.com\/fr\/wp-json\/wp\/v2\/product_cat?post=3261"},{"taxonomy":"product_tag","embeddable":true,"href":"https:\/\/www.sylvie-monthule.com\/fr\/wp-json\/wp\/v2\/product_tag?post=3261"}],"curies":[{"name":"wp","href":"https:\/\/api.w.org\/{rel}","templated":true}]}}