{"id":3248,"date":"2012-11-29T00:00:00","date_gmt":"2012-11-28T23:00:00","guid":{"rendered":"http:\/\/www.sylvie-monthule.com\/?product=double-secret-penetrant-or-goutte"},"modified":"2026-01-26T14:12:08","modified_gmt":"2026-01-26T13:12:08","slug":"double-secret-penetrant-or-goutte","status":"publish","type":"product","link":"https:\/\/www.sylvie-monthule.com\/fr\/bijou\/double-secret-penetrant-or-goutte\/","title":{"rendered":"Double Secret p\u00e9n\u00e9trant Or Goutte"},"content":{"rendered":"<p style=\"text-align: justify;\">Splendeur et jouissance d&rsquo;un Bijou p\u00e9n\u00e9trant unique, \u00e0 la fois vaginal et anal, qui comblera tous vos d\u00e9sirs m\u00eame les plus gourmands&#8230; Le premier Oeuf s&rsquo;introduit dans votre sexe avec d\u00e9lice, le deuxi\u00e8me, plus petit se love \u00e0 merveille dans votre anus. Les deux Oeufs, lisses et doux, restent parfaitement en place, en secret&#8230; Seule la chaine d&rsquo;Or qui les relie apparait entre vos l\u00e8vres et dans la raie de vos fesses. Un bijou p\u00e9n\u00e9trant sublime, pour vivre des plaisirs intenses&#8230; des extases de folie ! Un bijou p\u00e9n\u00e9trant raffin\u00e9 dans ses moindres d\u00e9tails : De face, le petit noeud satin et la goutte noire suspendue qui s&rsquo;agitent entre vos cuisses sera le point d&rsquo;orgue \u00e0 votre plaisir !<\/p>\n","protected":false},"excerpt":{"rendered":"<p>\u0152uf vaginal diam\u00e8tre 34 mm et<br \/>\n\u0153uf anal diam\u00e8tre 28 mm.<br \/>\nOeufs en r\u00e9sine noir brillant, reli\u00e9s par<br \/>\nchaine soud\u00e9e (long chaine env 23 cm).<br \/>\n(Long \u0152uf dia 34 mm: 5 cm &#8211; Long Oeuf dia 28 mm ;4 cm)<\/p>\n<p>Haute dorure 1 micron 16 carats et finition 24 carats .<br \/>\nPendentif avec chaine (6 cm),<br \/>\nornement n\u0153ud satin et goutte noire .<br \/>\nHypoallergenique.<\/p>\n","protected":false},"featured_media":14898,"template":"","meta":{"_acf_changed":false},"product_brand":[],"product_cat":[58,60],"product_tag":[],"class_list":{"0":"post-3248","1":"product","2":"type-product","3":"status-publish","4":"has-post-thumbnail","6":"product_cat-bijou-intime-femme","7":"product_cat-bijoux-penetrants-femme","8":"collection-30-ans-derotisme","9":"collection-lart-du-plaisir-fr","10":"product_option-conseils-entretien","12":"first","13":"instock","14":"taxable","15":"shipping-taxable","16":"purchasable","17":"product-type-simple"},"acf":[],"_links":{"self":[{"href":"https:\/\/www.sylvie-monthule.com\/fr\/wp-json\/wp\/v2\/product\/3248","targetHints":{"allow":["GET"]}}],"collection":[{"href":"https:\/\/www.sylvie-monthule.com\/fr\/wp-json\/wp\/v2\/product"}],"about":[{"href":"https:\/\/www.sylvie-monthule.com\/fr\/wp-json\/wp\/v2\/types\/product"}],"wp:featuredmedia":[{"embeddable":true,"href":"https:\/\/www.sylvie-monthule.com\/fr\/wp-json\/wp\/v2\/media\/14898"}],"wp:attachment":[{"href":"https:\/\/www.sylvie-monthule.com\/fr\/wp-json\/wp\/v2\/media?parent=3248"}],"wp:term":[{"taxonomy":"product_brand","embeddable":true,"href":"https:\/\/www.sylvie-monthule.com\/fr\/wp-json\/wp\/v2\/product_brand?post=3248"},{"taxonomy":"product_cat","embeddable":true,"href":"https:\/\/www.sylvie-monthule.com\/fr\/wp-json\/wp\/v2\/product_cat?post=3248"},{"taxonomy":"product_tag","embeddable":true,"href":"https:\/\/www.sylvie-monthule.com\/fr\/wp-json\/wp\/v2\/product_tag?post=3248"}],"curies":[{"name":"wp","href":"https:\/\/api.w.org\/{rel}","templated":true}]}}