{"id":3161,"date":"2012-11-22T00:00:00","date_gmt":"2012-11-21T23:00:00","guid":{"rendered":"http:\/\/www.sylvie-monthule.com\/?product=bijoux-seins-pieges-or-gouttes"},"modified":"2025-07-08T13:52:00","modified_gmt":"2025-07-08T12:52:00","slug":"rosaces-tetons-pieges-or-gouttes","status":"publish","type":"product","link":"https:\/\/www.sylvie-monthule.com\/fr\/bijou\/rosaces-tetons-pieges-or-gouttes\/","title":{"rendered":"Rosaces t\u00e9tons Pi\u00e8ges Or Gouttes"},"content":{"rendered":"<p>Vos gants de satin caressent les rosaces d&rsquo;or qui encerclent vos t\u00e9tons. Les rosaces sublimes couvrent les ar\u00e9oles de vos seins et vos t\u00e9tons se dressent, au milieu de ces coeurs d&rsquo;or ! Quel d\u00e9licieux pi\u00e8ge ! Deux fines gouttes se balancent, suspendues, magiques et libertines, pour fr\u00f4ler les courbes de vos seins. Un bijou intime avec un design superbe et sensuel, pour orner vos seins, sans piercing.<\/p>\n","protected":false},"excerpt":{"rendered":"<p>Bijoux seins non piercing<br \/>\npour orner t\u00e9ton et ar\u00e9ole.<br \/>\nSyst\u00e8me non piercing, coulissant et<br \/>\ns\u2019ajustant au diam\u00e8tre du t\u00e9ton.<\/p>\n<p>Bijou avec traitement haute dorure 1 micron<br \/>\n16 carats et finition 24 carats sur m\u00e9tal.<br \/>\nRosace, pendentif chaine fine et petite goutte.<br \/>\nHypoallerg\u00e9nique<\/p>\n","protected":false},"featured_media":14825,"template":"","meta":{"_acf_changed":false},"product_brand":[],"product_cat":[58,69],"product_tag":[],"class_list":{"0":"post-3161","1":"product","2":"type-product","3":"status-publish","4":"has-post-thumbnail","6":"product_cat-bijou-intime-femme","7":"product_cat-bijoux-seins-non-piercing","8":"collection-lart-du-plaisir-fr","10":"first","11":"instock","12":"taxable","13":"shipping-taxable","14":"purchasable","15":"product-type-simple"},"acf":[],"_links":{"self":[{"href":"https:\/\/www.sylvie-monthule.com\/fr\/wp-json\/wp\/v2\/product\/3161","targetHints":{"allow":["GET"]}}],"collection":[{"href":"https:\/\/www.sylvie-monthule.com\/fr\/wp-json\/wp\/v2\/product"}],"about":[{"href":"https:\/\/www.sylvie-monthule.com\/fr\/wp-json\/wp\/v2\/types\/product"}],"wp:featuredmedia":[{"embeddable":true,"href":"https:\/\/www.sylvie-monthule.com\/fr\/wp-json\/wp\/v2\/media\/14825"}],"wp:attachment":[{"href":"https:\/\/www.sylvie-monthule.com\/fr\/wp-json\/wp\/v2\/media?parent=3161"}],"wp:term":[{"taxonomy":"product_brand","embeddable":true,"href":"https:\/\/www.sylvie-monthule.com\/fr\/wp-json\/wp\/v2\/product_brand?post=3161"},{"taxonomy":"product_cat","embeddable":true,"href":"https:\/\/www.sylvie-monthule.com\/fr\/wp-json\/wp\/v2\/product_cat?post=3161"},{"taxonomy":"product_tag","embeddable":true,"href":"https:\/\/www.sylvie-monthule.com\/fr\/wp-json\/wp\/v2\/product_tag?post=3161"}],"curies":[{"name":"wp","href":"https:\/\/api.w.org\/{rel}","templated":true}]}}