{"id":316,"date":"2008-11-25T00:00:00","date_gmt":"2008-11-24T23:00:00","guid":{"rendered":"http:\/\/www.sylvie-monthule.com\/?product=string-gouttes-penetrantes"},"modified":"2025-02-17T08:47:08","modified_gmt":"2025-02-17T07:47:08","slug":"string-gouttes-penetrantes","status":"publish","type":"product","link":"https:\/\/www.sylvie-monthule.com\/fr\/bijou\/string-gouttes-penetrantes\/","title":{"rendered":"String Gouttes P\u00e9n\u00e9trantes"},"content":{"rendered":"<p style=\"text-align: justify;\">4 perles coquines, 4 gouttes libertines, glissent le long de votre sexe. Le string \u00ab\u00a0gouttes p\u00e9n\u00e9trantes\u00a0\u00bb est un bijou os\u00e9 qui chavire les sens : la premi\u00e8re perle est joliement pos\u00e9e sur le pubis, la deuxi\u00e8me perle joue avec votre clitoris, la troisi\u00e8me et quatri\u00e8me perle s&rsquo;introduisent d\u00e9licatement dans votre sexe&#8230;. quand vous jouez avec elle ! Les gouttes, suspendues aux chaines, caressent tout le pubis, et le plaisir monte, subtil et intense !<\/p>\n","protected":false},"excerpt":{"rendered":"<p>Choisissez votre string bijou,<br \/>\nen fonction de votre taille de lingerie habituelle.<br \/>\nUn bijou intime con\u00e7u avec \u00e9lastiques cot\u00e9s et dos<br \/>\npour un confort parfait.<\/p>\n<p>Chaines fines et perles h\u00e9matites.<br \/>\nBijou avec traitement haute dorure 1 micron<br \/>\n16 carats et finition 24 carats sur m\u00e9tal.<br \/>\nHypoallerg\u00e9nique.<\/p>\n","protected":false},"featured_media":12510,"template":"","meta":{"_acf_changed":false},"product_brand":[],"product_cat":[58,59],"product_tag":[],"class_list":{"0":"post-316","1":"product","2":"type-product","3":"status-publish","4":"has-post-thumbnail","6":"product_cat-bijou-intime-femme","7":"product_cat-strings-bijoux","8":"collection-anciennes-collections","9":"product_option-tableau-tailles","11":"first","12":"instock","13":"taxable","14":"shipping-taxable","15":"purchasable","16":"product-type-simple"},"acf":[],"_links":{"self":[{"href":"https:\/\/www.sylvie-monthule.com\/fr\/wp-json\/wp\/v2\/product\/316","targetHints":{"allow":["GET"]}}],"collection":[{"href":"https:\/\/www.sylvie-monthule.com\/fr\/wp-json\/wp\/v2\/product"}],"about":[{"href":"https:\/\/www.sylvie-monthule.com\/fr\/wp-json\/wp\/v2\/types\/product"}],"wp:featuredmedia":[{"embeddable":true,"href":"https:\/\/www.sylvie-monthule.com\/fr\/wp-json\/wp\/v2\/media\/12510"}],"wp:attachment":[{"href":"https:\/\/www.sylvie-monthule.com\/fr\/wp-json\/wp\/v2\/media?parent=316"}],"wp:term":[{"taxonomy":"product_brand","embeddable":true,"href":"https:\/\/www.sylvie-monthule.com\/fr\/wp-json\/wp\/v2\/product_brand?post=316"},{"taxonomy":"product_cat","embeddable":true,"href":"https:\/\/www.sylvie-monthule.com\/fr\/wp-json\/wp\/v2\/product_cat?post=316"},{"taxonomy":"product_tag","embeddable":true,"href":"https:\/\/www.sylvie-monthule.com\/fr\/wp-json\/wp\/v2\/product_tag?post=316"}],"curies":[{"name":"wp","href":"https:\/\/api.w.org\/{rel}","templated":true}]}}