{"id":3005,"date":"2013-11-26T00:00:00","date_gmt":"2013-11-25T23:00:00","guid":{"rendered":"http:\/\/www.sylvie-monthule.com\/?product=bijou-verge-argent-pierre-sacree"},"modified":"2025-02-27T14:26:32","modified_gmt":"2025-02-27T13:26:32","slug":"bijou-verge-argent-pierre-sacree","status":"publish","type":"product","link":"https:\/\/www.sylvie-monthule.com\/fr\/bijou\/bijou-verge-argent-pierre-sacree\/","title":{"rendered":"Bijou Verge Argent Pierre Sacr\u00e9e"},"content":{"rendered":"<p style=\"text-align: justify;\">Une Pierre rare sous votre verge&#8230; comme un talisman bleu ou presque acier cern\u00e9 d&rsquo;Argent, et des perles pleines qui sacrent votre virilit\u00e9. L&rsquo;\u00e9lastique noir qui divise vos bourses, les rend plus rondes encore&#8230; Le pendentif, suffisamment lourd, tangue, fouette et tapote votre peau \u00e0 chaque instant.<\/p>\n","protected":false},"excerpt":{"rendered":"<p>Bijou plaqu\u00e9 argent 10 microns sur m\u00e9tal.<br \/>\nPierres en verre col Turquoise ou H\u00e9matite<br \/>\nPerles H\u00e9matites en pendentif.<br \/>\nHypoallerg\u00e9nique.<\/p>\n<p>Bijou ajustable et tr\u00e8s confortable grace<br \/>\n\u00e0 sa base \u00e9lastiqu\u00e9e en coton.<\/p>\n","protected":false},"featured_media":15296,"template":"","meta":{"_acf_changed":false},"product_brand":[],"product_cat":[56,65],"product_tag":[],"class_list":{"0":"post-3005","1":"product","2":"type-product","3":"status-publish","4":"has-post-thumbnail","6":"product_cat-bijoux-hommes","7":"product_cat-bijoux-intimes-sexe","8":"collection-bijoux-hors-collection","10":"first","11":"instock","12":"taxable","13":"shipping-taxable","14":"purchasable","15":"product-type-simple"},"acf":[],"_links":{"self":[{"href":"https:\/\/www.sylvie-monthule.com\/fr\/wp-json\/wp\/v2\/product\/3005","targetHints":{"allow":["GET"]}}],"collection":[{"href":"https:\/\/www.sylvie-monthule.com\/fr\/wp-json\/wp\/v2\/product"}],"about":[{"href":"https:\/\/www.sylvie-monthule.com\/fr\/wp-json\/wp\/v2\/types\/product"}],"wp:featuredmedia":[{"embeddable":true,"href":"https:\/\/www.sylvie-monthule.com\/fr\/wp-json\/wp\/v2\/media\/15296"}],"wp:attachment":[{"href":"https:\/\/www.sylvie-monthule.com\/fr\/wp-json\/wp\/v2\/media?parent=3005"}],"wp:term":[{"taxonomy":"product_brand","embeddable":true,"href":"https:\/\/www.sylvie-monthule.com\/fr\/wp-json\/wp\/v2\/product_brand?post=3005"},{"taxonomy":"product_cat","embeddable":true,"href":"https:\/\/www.sylvie-monthule.com\/fr\/wp-json\/wp\/v2\/product_cat?post=3005"},{"taxonomy":"product_tag","embeddable":true,"href":"https:\/\/www.sylvie-monthule.com\/fr\/wp-json\/wp\/v2\/product_tag?post=3005"}],"curies":[{"name":"wp","href":"https:\/\/api.w.org\/{rel}","templated":true}]}}