{"id":27832,"date":"2015-11-23T14:08:35","date_gmt":"2015-11-23T13:08:35","guid":{"rendered":"https:\/\/www.sylvie-monthule.com\/fr\/?post_type=product&#038;p=27832"},"modified":"2025-02-17T08:47:35","modified_gmt":"2025-02-17T07:47:35","slug":"clips-intimes-larmes-cristal-or","status":"publish","type":"product","link":"https:\/\/www.sylvie-monthule.com\/fr\/bijou\/clips-intimes-larmes-cristal-or\/","title":{"rendered":"Clips Intimes Larmes Cristal Or"},"content":{"rendered":"<p>A vos l\u00e8vres, des bijoux intimes pour scintiller, surprendre, ravir ! Deux gouttes de cristal dansent et \u00e9merveillent les sens, virevoltant sur votre sexe, ivres de beaut\u00e9 et d&rsquo;insolence !<\/p>\n","protected":false},"excerpt":{"rendered":"<p>Clips sans piercing, indolores.<br \/>\nA positionner sur petites ou grandes l\u00e8vres.<\/p>\n<p>Bijoux intimes plaqu\u00e9 or 3 microns sur m\u00e9tal.<br \/>\nAvec cristal et pendentifs gouttes cristal facettes<br \/>\nsur chaines fines.<br \/>\nHypoallerg\u00e9nique<\/p>\n","protected":false},"featured_media":27449,"template":"","meta":{"_acf_changed":false},"product_brand":[],"product_cat":[58,62],"product_tag":[],"class_list":{"0":"post-27832","1":"product","2":"type-product","3":"status-publish","4":"has-post-thumbnail","6":"product_cat-bijou-intime-femme","7":"product_cat-bijoux-sexe-non-piercing","8":"collection-bijoux-hors-collection","9":"product_option-vendu-par-paire","11":"first","12":"instock","13":"taxable","14":"shipping-taxable","15":"purchasable","16":"product-type-simple"},"acf":[],"_links":{"self":[{"href":"https:\/\/www.sylvie-monthule.com\/fr\/wp-json\/wp\/v2\/product\/27832","targetHints":{"allow":["GET"]}}],"collection":[{"href":"https:\/\/www.sylvie-monthule.com\/fr\/wp-json\/wp\/v2\/product"}],"about":[{"href":"https:\/\/www.sylvie-monthule.com\/fr\/wp-json\/wp\/v2\/types\/product"}],"wp:featuredmedia":[{"embeddable":true,"href":"https:\/\/www.sylvie-monthule.com\/fr\/wp-json\/wp\/v2\/media\/27449"}],"wp:attachment":[{"href":"https:\/\/www.sylvie-monthule.com\/fr\/wp-json\/wp\/v2\/media?parent=27832"}],"wp:term":[{"taxonomy":"product_brand","embeddable":true,"href":"https:\/\/www.sylvie-monthule.com\/fr\/wp-json\/wp\/v2\/product_brand?post=27832"},{"taxonomy":"product_cat","embeddable":true,"href":"https:\/\/www.sylvie-monthule.com\/fr\/wp-json\/wp\/v2\/product_cat?post=27832"},{"taxonomy":"product_tag","embeddable":true,"href":"https:\/\/www.sylvie-monthule.com\/fr\/wp-json\/wp\/v2\/product_tag?post=27832"}],"curies":[{"name":"wp","href":"https:\/\/api.w.org\/{rel}","templated":true}]}}