{"id":261,"date":"2008-11-26T00:00:00","date_gmt":"2008-11-25T23:00:00","guid":{"rendered":"http:\/\/www.sylvie-monthule.com\/?product=string-rose-intime"},"modified":"2026-03-19T14:32:43","modified_gmt":"2026-03-19T13:32:43","slug":"string-rose-intime","status":"publish","type":"product","link":"https:\/\/www.sylvie-monthule.com\/fr\/bijou\/string-rose-intime\/","title":{"rendered":"String Rose Intime"},"content":{"rendered":"<p>Un string bijou en forme de Rose ! Une Rose finement sculpt\u00e9e, aussi lisse que du Velours, a \u00e9clos sur votre pubis&#8230; La rose d&rsquo;or orne votre sexe avec beaut\u00e9 et d\u00e9licatesse, comme un parfum exquis, et vous invite au plaisir : De chaque cot\u00e9 de la rose, des petites perles d&rsquo;or glissent de chaque cot\u00e9 de vos l\u00e8vres et caressent votre sexe nu. Votre jardin secret est cern\u00e9 de douceur, cern\u00e9 d&rsquo;or et de sensualit\u00e9! Invitez votre amant \u00e0 cueillir le plaisir, \u00e0 d\u00e9poser sur mille baisers dans l&rsquo;ovale si doux&#8230;car la Rose est la fleur de l&rsquo;Amour.<\/p>\n","protected":false},"excerpt":{"rendered":"<p>L&rsquo;\u00e9lastique doux vous permet de placer la rose<br \/>\ntr\u00e8s haut sur le pubis ou juste \u00e0 la naissance du sexe.<br \/>\nLes Perles se lovent de chaque c\u00f4t\u00e9 de vos l\u00e8vres<\/p>\n<p>Bijou avec traitement haute dorure 1 micron 16 carats<br \/>\net finition 24 carats sur m\u00e9tal et perles dor\u00e9es.<br \/>\nElastiques noirs c\u00f4t\u00e9s et dos.<br \/>\nLavable main. Hypoallerg\u00e9nique.<\/p>\n","protected":false},"featured_media":12465,"template":"","meta":{"_acf_changed":false},"product_brand":[],"product_cat":[58,59],"product_tag":[],"class_list":{"0":"post-261","1":"product","2":"type-product","3":"status-publish","4":"has-post-thumbnail","6":"product_cat-bijou-intime-femme","7":"product_cat-strings-bijoux","8":"collection-bijoux-hors-collection","9":"product_option-tableau-tailles","11":"first","12":"instock","13":"taxable","14":"shipping-taxable","15":"purchasable","16":"product-type-simple"},"acf":[],"_links":{"self":[{"href":"https:\/\/www.sylvie-monthule.com\/fr\/wp-json\/wp\/v2\/product\/261","targetHints":{"allow":["GET"]}}],"collection":[{"href":"https:\/\/www.sylvie-monthule.com\/fr\/wp-json\/wp\/v2\/product"}],"about":[{"href":"https:\/\/www.sylvie-monthule.com\/fr\/wp-json\/wp\/v2\/types\/product"}],"wp:featuredmedia":[{"embeddable":true,"href":"https:\/\/www.sylvie-monthule.com\/fr\/wp-json\/wp\/v2\/media\/12465"}],"wp:attachment":[{"href":"https:\/\/www.sylvie-monthule.com\/fr\/wp-json\/wp\/v2\/media?parent=261"}],"wp:term":[{"taxonomy":"product_brand","embeddable":true,"href":"https:\/\/www.sylvie-monthule.com\/fr\/wp-json\/wp\/v2\/product_brand?post=261"},{"taxonomy":"product_cat","embeddable":true,"href":"https:\/\/www.sylvie-monthule.com\/fr\/wp-json\/wp\/v2\/product_cat?post=261"},{"taxonomy":"product_tag","embeddable":true,"href":"https:\/\/www.sylvie-monthule.com\/fr\/wp-json\/wp\/v2\/product_tag?post=261"}],"curies":[{"name":"wp","href":"https:\/\/api.w.org\/{rel}","templated":true}]}}