{"id":2009,"date":"2009-11-26T00:00:00","date_gmt":"2009-11-25T23:00:00","guid":{"rendered":"http:\/\/www.sylvie-monthule.com\/?product=nectar-de-jouissance-or"},"modified":"2025-10-06T07:57:26","modified_gmt":"2025-10-06T06:57:26","slug":"nectar-de-jouissance-or","status":"publish","type":"product","link":"https:\/\/www.sylvie-monthule.com\/fr\/bijou\/nectar-de-jouissance-or\/","title":{"rendered":"Nectar de Jouissance Or"},"content":{"rendered":"<p>L&rsquo;extase infinie pour votre Clitoris et votre Sexe. Une forme divine cr\u00e9\u00e9e pour faire palpiter tous les plaisirs&#8230; Le Bijou pos\u00e9 sur votre clitoris exerce une pression d\u00e9licieuse. Votre Bouton de Rose ne resiste pas aux caresses et aux frolements de la goutte ronde blottie sous le serpent. Tittillements, excitation. plaisir qui monte&#8230; La forme en terminaison, s&rsquo;immisce avec d\u00e9lice en vous, \u00e9pouse les courbes de votre corps Votre Sexe chavire sous les massages doux et chauds que lui prodigue la longue goutte prisonniere&#8230; Bleu Saphir ou Noir Intense Chaque pas, chaque mouvement est une apoth\u00e9ose de plaisir !<\/p>\n","protected":false},"excerpt":{"rendered":"<p>Un Bijou unique \u00e0 la fois pour le Clitoris et pour le sexe,<br \/>\navec une forme courbe en r\u00e9sine douce et lisse. Longueur totale Bijou ; env 11 cm.<br \/>\nDiam\u00e8tre en terminaison partie p\u00e9n\u00e9trante ; env 24 mm<\/p>\n<p>Conseil :<br \/>\nLe Bijou Nectar de Jouissance se porte comme un string.<br \/>\nPositionnez d\u2019abord la partie p\u00e9n\u00e9trante, puis faites glisser le haut du bijou<br \/>\nexactement sur votre clitoris.<\/p>\n<p>Bijou plaqu\u00e9 or 3 microns 16 carats et finition 24 carats sur m\u00e9tal . R\u00e9sine Bleue Saphir ou Noire Brillant<br \/>\nOrnement dos petits serpents enlac\u00e9s. Hypoallerg\u00e9nique<\/p>\n","protected":false},"featured_media":13837,"template":"","meta":{"_acf_changed":false},"product_brand":[],"product_cat":[58,60,70],"product_tag":[],"class_list":{"0":"post-2009","1":"product","2":"type-product","3":"status-publish","4":"has-post-thumbnail","6":"product_cat-bijou-intime-femme","7":"product_cat-bijoux-penetrants-femme","8":"product_cat-bijoux-clitoris","9":"collection-30-ans-derotisme","10":"collection-bijoux-hors-collection","11":"product_option-tableau-tailles","13":"first","14":"instock","15":"taxable","16":"shipping-taxable","17":"purchasable","18":"product-type-simple"},"acf":[],"_links":{"self":[{"href":"https:\/\/www.sylvie-monthule.com\/fr\/wp-json\/wp\/v2\/product\/2009","targetHints":{"allow":["GET"]}}],"collection":[{"href":"https:\/\/www.sylvie-monthule.com\/fr\/wp-json\/wp\/v2\/product"}],"about":[{"href":"https:\/\/www.sylvie-monthule.com\/fr\/wp-json\/wp\/v2\/types\/product"}],"wp:featuredmedia":[{"embeddable":true,"href":"https:\/\/www.sylvie-monthule.com\/fr\/wp-json\/wp\/v2\/media\/13837"}],"wp:attachment":[{"href":"https:\/\/www.sylvie-monthule.com\/fr\/wp-json\/wp\/v2\/media?parent=2009"}],"wp:term":[{"taxonomy":"product_brand","embeddable":true,"href":"https:\/\/www.sylvie-monthule.com\/fr\/wp-json\/wp\/v2\/product_brand?post=2009"},{"taxonomy":"product_cat","embeddable":true,"href":"https:\/\/www.sylvie-monthule.com\/fr\/wp-json\/wp\/v2\/product_cat?post=2009"},{"taxonomy":"product_tag","embeddable":true,"href":"https:\/\/www.sylvie-monthule.com\/fr\/wp-json\/wp\/v2\/product_tag?post=2009"}],"curies":[{"name":"wp","href":"https:\/\/api.w.org\/{rel}","templated":true}]}}