{"id":1613,"date":"2009-03-02T00:00:00","date_gmt":"2009-03-01T23:00:00","guid":{"rendered":"http:\/\/www.sylvie-monthule.com\/?product=gouttes-eclat-diamant"},"modified":"2025-02-25T14:47:56","modified_gmt":"2025-02-25T13:47:56","slug":"gouttes-eclat-diamant","status":"publish","type":"product","link":"https:\/\/www.sylvie-monthule.com\/fr\/bijou\/gouttes-eclat-diamant\/","title":{"rendered":"Gouttes seins or et diamant"},"content":{"rendered":"<p>Deux gouttes ravissantes parent vos t\u00e9tons. V\u00eatues d&rsquo;or et de cristal, elles scintillent comme des diamants. Succombez \u00e0 ces bijoux qui virevoltent sur les courbes de vos seins, caressant vos rondeurs&#8230;<\/p>\n","protected":false},"excerpt":{"rendered":"<p>Bijou pour seins, sans piercing.<br \/>\nAvec attaches-seins ajustables au diam\u00e8tre du t\u00e9ton.<\/p>\n<p>Gouttes avec cristaux purs \u00e0 facettes.<br \/>\nBijou avec traitement haute dorure<br \/>\n1 micron 16 carats et finition 24 carats sur m\u00e9tal.<br \/>\nHypoallerg\u00e9nique.<\/p>\n","protected":false},"featured_media":85363,"template":"","meta":{"_acf_changed":false},"product_brand":[],"product_cat":[58,69],"product_tag":[],"class_list":{"0":"post-1613","1":"product","2":"type-product","3":"status-publish","4":"has-post-thumbnail","6":"product_cat-bijou-intime-femme","7":"product_cat-bijoux-seins-non-piercing","8":"collection-bijoux-hors-collection","9":"product_option-vendu-par-paire","11":"first","12":"instock","13":"taxable","14":"shipping-taxable","15":"purchasable","16":"product-type-simple"},"acf":[],"_links":{"self":[{"href":"https:\/\/www.sylvie-monthule.com\/fr\/wp-json\/wp\/v2\/product\/1613","targetHints":{"allow":["GET"]}}],"collection":[{"href":"https:\/\/www.sylvie-monthule.com\/fr\/wp-json\/wp\/v2\/product"}],"about":[{"href":"https:\/\/www.sylvie-monthule.com\/fr\/wp-json\/wp\/v2\/types\/product"}],"wp:featuredmedia":[{"embeddable":true,"href":"https:\/\/www.sylvie-monthule.com\/fr\/wp-json\/wp\/v2\/media\/85363"}],"wp:attachment":[{"href":"https:\/\/www.sylvie-monthule.com\/fr\/wp-json\/wp\/v2\/media?parent=1613"}],"wp:term":[{"taxonomy":"product_brand","embeddable":true,"href":"https:\/\/www.sylvie-monthule.com\/fr\/wp-json\/wp\/v2\/product_brand?post=1613"},{"taxonomy":"product_cat","embeddable":true,"href":"https:\/\/www.sylvie-monthule.com\/fr\/wp-json\/wp\/v2\/product_cat?post=1613"},{"taxonomy":"product_tag","embeddable":true,"href":"https:\/\/www.sylvie-monthule.com\/fr\/wp-json\/wp\/v2\/product_tag?post=1613"}],"curies":[{"name":"wp","href":"https:\/\/api.w.org\/{rel}","templated":true}]}}