{"id":1555,"date":"2008-12-12T00:00:00","date_gmt":"2008-12-11T23:00:00","guid":{"rendered":"http:\/\/www.sylvie-monthule.com\/?product=ecrins-seins-col-or-1-perle-la-paire"},"modified":"2026-04-27T14:25:15","modified_gmt":"2026-04-27T13:25:15","slug":"ecrins-seins-col-or-1-perle","status":"publish","type":"product","link":"https:\/\/www.sylvie-monthule.com\/fr\/bijou\/ecrins-seins-col-or-1-perle\/","title":{"rendered":"Ecrins seins Or 1 perle"},"content":{"rendered":"<p>Un amour de bijou pour adorer vos Seins&#8230; Beaut\u00e9 de fleurs et d&rsquo;estampes en corolle, autour de vos t\u00e9tons si tendrement enlac\u00e9s&#8230;<\/p>\n","protected":false},"excerpt":{"rendered":"<p>Arabesque et pendentif gouttelette h\u00e9matite<br \/>\nBijou avec traitement haute dorure<br \/>\n1 micron 16 carats et finition 24 carats sur m\u00e9tal.<\/p>\n<p>Syst\u00e8me attache-seins coulissant, non piercing.<br \/>\nHypoallerg\u00e9nique.<\/p>\n","protected":false},"featured_media":13466,"template":"","meta":{"_acf_changed":false},"product_brand":[],"product_cat":[58,69],"product_tag":[],"class_list":{"0":"post-1555","1":"product","2":"type-product","3":"status-publish","4":"has-post-thumbnail","6":"product_cat-bijou-intime-femme","7":"product_cat-bijoux-seins-non-piercing","8":"collection-bijoux-hors-collection","9":"product_option-vendu-par-paire","11":"first","12":"instock","13":"taxable","14":"shipping-taxable","15":"purchasable","16":"product-type-simple"},"acf":[],"_links":{"self":[{"href":"https:\/\/www.sylvie-monthule.com\/fr\/wp-json\/wp\/v2\/product\/1555","targetHints":{"allow":["GET"]}}],"collection":[{"href":"https:\/\/www.sylvie-monthule.com\/fr\/wp-json\/wp\/v2\/product"}],"about":[{"href":"https:\/\/www.sylvie-monthule.com\/fr\/wp-json\/wp\/v2\/types\/product"}],"wp:featuredmedia":[{"embeddable":true,"href":"https:\/\/www.sylvie-monthule.com\/fr\/wp-json\/wp\/v2\/media\/13466"}],"wp:attachment":[{"href":"https:\/\/www.sylvie-monthule.com\/fr\/wp-json\/wp\/v2\/media?parent=1555"}],"wp:term":[{"taxonomy":"product_brand","embeddable":true,"href":"https:\/\/www.sylvie-monthule.com\/fr\/wp-json\/wp\/v2\/product_brand?post=1555"},{"taxonomy":"product_cat","embeddable":true,"href":"https:\/\/www.sylvie-monthule.com\/fr\/wp-json\/wp\/v2\/product_cat?post=1555"},{"taxonomy":"product_tag","embeddable":true,"href":"https:\/\/www.sylvie-monthule.com\/fr\/wp-json\/wp\/v2\/product_tag?post=1555"}],"curies":[{"name":"wp","href":"https:\/\/api.w.org\/{rel}","templated":true}]}}