{"id":1546,"date":"2008-12-03T00:00:00","date_gmt":"2008-12-02T23:00:00","guid":{"rendered":"http:\/\/www.sylvie-monthule.com\/?product=ecrins-seins-3-perles-2"},"modified":"2025-02-17T08:47:35","modified_gmt":"2025-02-17T07:47:35","slug":"ecrins-seins-3-perles-2","status":"publish","type":"product","link":"https:\/\/www.sylvie-monthule.com\/fr\/bijou\/ecrins-seins-3-perles-2\/","title":{"rendered":"Ecrins Seins 3 Perles"},"content":{"rendered":"<p>La d\u00e9couverte d&rsquo;un bijou sensuel ornant vos seins&#8230; Fleurs d&rsquo;or enla\u00e7ant vos t\u00e9tons et petites gouttes h\u00e9matites si coquines flirtant avec la peau !<\/p>\n","protected":false},"excerpt":{"rendered":"<div>\n<p>Arabesque et 3 pendentifs gouttes h\u00e9matite<br \/>\nBijou avec traitement haute dorure<br \/>\n1 micron 16 carats et finition 24 carats sur m\u00e9tal.<\/p>\n<p>Syst\u00e8me attache-seins coulissant, non piercing.<br \/>\nHypoallerg\u00e9nique.<\/p>\n<\/div>\n","protected":false},"featured_media":13459,"template":"","meta":{"_acf_changed":false},"product_brand":[],"product_cat":[58,69],"product_tag":[],"class_list":{"0":"post-1546","1":"product","2":"type-product","3":"status-publish","4":"has-post-thumbnail","6":"product_cat-bijou-intime-femme","7":"product_cat-bijoux-seins-non-piercing","8":"collection-bijoux-hors-collection","9":"product_option-vendu-par-paire","11":"first","12":"instock","13":"taxable","14":"shipping-taxable","15":"purchasable","16":"product-type-simple"},"acf":[],"_links":{"self":[{"href":"https:\/\/www.sylvie-monthule.com\/fr\/wp-json\/wp\/v2\/product\/1546","targetHints":{"allow":["GET"]}}],"collection":[{"href":"https:\/\/www.sylvie-monthule.com\/fr\/wp-json\/wp\/v2\/product"}],"about":[{"href":"https:\/\/www.sylvie-monthule.com\/fr\/wp-json\/wp\/v2\/types\/product"}],"wp:featuredmedia":[{"embeddable":true,"href":"https:\/\/www.sylvie-monthule.com\/fr\/wp-json\/wp\/v2\/media\/13459"}],"wp:attachment":[{"href":"https:\/\/www.sylvie-monthule.com\/fr\/wp-json\/wp\/v2\/media?parent=1546"}],"wp:term":[{"taxonomy":"product_brand","embeddable":true,"href":"https:\/\/www.sylvie-monthule.com\/fr\/wp-json\/wp\/v2\/product_brand?post=1546"},{"taxonomy":"product_cat","embeddable":true,"href":"https:\/\/www.sylvie-monthule.com\/fr\/wp-json\/wp\/v2\/product_cat?post=1546"},{"taxonomy":"product_tag","embeddable":true,"href":"https:\/\/www.sylvie-monthule.com\/fr\/wp-json\/wp\/v2\/product_tag?post=1546"}],"curies":[{"name":"wp","href":"https:\/\/api.w.org\/{rel}","templated":true}]}}