{"id":1542,"date":"2008-12-09T00:00:00","date_gmt":"2008-12-08T23:00:00","guid":{"rendered":"http:\/\/www.sylvie-monthule.com\/?product=ecrins-seins-3-perles"},"modified":"2025-02-17T08:47:34","modified_gmt":"2025-02-17T07:47:34","slug":"ecrins-seins-3-perles","status":"publish","type":"product","link":"https:\/\/www.sylvie-monthule.com\/fr\/bijou\/ecrins-seins-3-perles\/","title":{"rendered":"Ecrins Seins argent 3 Perles"},"content":{"rendered":"<p>La sublime surprise de d\u00e9couvrir un bijou sensuel dansant sous vos t\u00e9tons\u2026 Arabesques, volutes d&rsquo;argent glissent autour de votre t\u00e9ton et 3 perles mutines agacent avec d\u00e9lice la rondeur de vos seins.<\/p>\n","protected":false},"excerpt":{"rendered":"<div>\n<div>\n<p>Arabesque et 3 pendentifs gouttes h\u00e9matites<br \/>\nPlaqu\u00e9 argent 10 microns sur m\u00e9tal.<\/p>\n<p>Syst\u00e8me attache-seins coulissant, non piercing.<br \/>\nAjustable \u00e0 tous les diam\u00e8tres de t\u00e9tons.<br \/>\nHypoallerg\u00e9nique.<\/p>\n<\/div>\n<\/div>\n","protected":false},"featured_media":13456,"template":"","meta":{"_acf_changed":false},"product_brand":[],"product_cat":[58,69],"product_tag":[],"class_list":{"0":"post-1542","1":"product","2":"type-product","3":"status-publish","4":"has-post-thumbnail","6":"product_cat-bijou-intime-femme","7":"product_cat-bijoux-seins-non-piercing","8":"collection-bijoux-hors-collection","10":"first","11":"instock","12":"taxable","13":"shipping-taxable","14":"purchasable","15":"product-type-simple"},"acf":[],"_links":{"self":[{"href":"https:\/\/www.sylvie-monthule.com\/fr\/wp-json\/wp\/v2\/product\/1542","targetHints":{"allow":["GET"]}}],"collection":[{"href":"https:\/\/www.sylvie-monthule.com\/fr\/wp-json\/wp\/v2\/product"}],"about":[{"href":"https:\/\/www.sylvie-monthule.com\/fr\/wp-json\/wp\/v2\/types\/product"}],"wp:featuredmedia":[{"embeddable":true,"href":"https:\/\/www.sylvie-monthule.com\/fr\/wp-json\/wp\/v2\/media\/13456"}],"wp:attachment":[{"href":"https:\/\/www.sylvie-monthule.com\/fr\/wp-json\/wp\/v2\/media?parent=1542"}],"wp:term":[{"taxonomy":"product_brand","embeddable":true,"href":"https:\/\/www.sylvie-monthule.com\/fr\/wp-json\/wp\/v2\/product_brand?post=1542"},{"taxonomy":"product_cat","embeddable":true,"href":"https:\/\/www.sylvie-monthule.com\/fr\/wp-json\/wp\/v2\/product_cat?post=1542"},{"taxonomy":"product_tag","embeddable":true,"href":"https:\/\/www.sylvie-monthule.com\/fr\/wp-json\/wp\/v2\/product_tag?post=1542"}],"curies":[{"name":"wp","href":"https:\/\/api.w.org\/{rel}","templated":true}]}}