{"id":148056,"date":"2025-11-06T15:23:51","date_gmt":"2025-11-06T14:23:51","guid":{"rendered":"https:\/\/www.sylvie-monthule.com\/?post_type=product&#038;p=148056"},"modified":"2025-11-06T15:23:51","modified_gmt":"2025-11-06T14:23:51","slug":"femme-bougie","status":"publish","type":"product","link":"https:\/\/www.sylvie-monthule.com\/fr\/bijou\/femme-bougie\/","title":{"rendered":"Femme bougie"},"content":{"rendered":"<p>Impression en \u00e9dition limit\u00e9e (50 exemplaires) sur papier raffin\u00e9 Old Mill 300 Gr. Format A3 (29,7 x 42 cm.) L&rsquo;impression est num\u00e9rot\u00e9e et sign\u00e9e par l&rsquo;artiste. Emballage soign\u00e9 avec certificat d&rsquo;authenticit\u00e9.<\/p>\n","protected":false},"excerpt":{"rendered":"<p>Impression en \u00e9dition limit\u00e9e (50 exemplaires) sur papier raffin\u00e9 Old Mill 300 Gr. Format A3 (29,7 x 42 cm.) L&rsquo;impression est num\u00e9rot\u00e9e et sign\u00e9e par l&rsquo;artiste. Emballage soign\u00e9 avec certificat d&rsquo;authenticit\u00e9.<\/p>\n","protected":false},"featured_media":147946,"template":"","meta":{"_acf_changed":false},"product_brand":[],"product_cat":[1881,74],"product_tag":[],"class_list":{"0":"post-148056","1":"product","2":"type-product","3":"status-publish","4":"has-post-thumbnail","6":"product_cat-impressions-dessins","7":"product_cat-dessins","9":"first","10":"instock","11":"taxable","12":"shipping-taxable","13":"purchasable","14":"product-type-simple"},"acf":[],"_links":{"self":[{"href":"https:\/\/www.sylvie-monthule.com\/fr\/wp-json\/wp\/v2\/product\/148056","targetHints":{"allow":["GET"]}}],"collection":[{"href":"https:\/\/www.sylvie-monthule.com\/fr\/wp-json\/wp\/v2\/product"}],"about":[{"href":"https:\/\/www.sylvie-monthule.com\/fr\/wp-json\/wp\/v2\/types\/product"}],"wp:featuredmedia":[{"embeddable":true,"href":"https:\/\/www.sylvie-monthule.com\/fr\/wp-json\/wp\/v2\/media\/147946"}],"wp:attachment":[{"href":"https:\/\/www.sylvie-monthule.com\/fr\/wp-json\/wp\/v2\/media?parent=148056"}],"wp:term":[{"taxonomy":"product_brand","embeddable":true,"href":"https:\/\/www.sylvie-monthule.com\/fr\/wp-json\/wp\/v2\/product_brand?post=148056"},{"taxonomy":"product_cat","embeddable":true,"href":"https:\/\/www.sylvie-monthule.com\/fr\/wp-json\/wp\/v2\/product_cat?post=148056"},{"taxonomy":"product_tag","embeddable":true,"href":"https:\/\/www.sylvie-monthule.com\/fr\/wp-json\/wp\/v2\/product_tag?post=148056"}],"curies":[{"name":"wp","href":"https:\/\/api.w.org\/{rel}","templated":true}]}}