{"id":148053,"date":"2025-11-06T15:23:52","date_gmt":"2025-11-06T14:23:52","guid":{"rendered":"https:\/\/www.sylvie-monthule.com\/?post_type=product&#038;p=148053"},"modified":"2025-11-06T15:23:53","modified_gmt":"2025-11-06T14:23:53","slug":"lecorce-original","status":"publish","type":"product","link":"https:\/\/www.sylvie-monthule.com\/fr\/bijou\/lecorce-original\/","title":{"rendered":"L&rsquo;\u00e9corce (original)"},"content":{"rendered":"<p>Dessin original de Sylvie Monthul\u00e9 r\u00e9alis\u00e9 \u00e0 la mine graphite sur beau papier de 250 Gr. Format A3 (29,7 x 42 cm.) Le dessin est soigneusement emball\u00e9 avec son certificat d&rsquo;authenticit\u00e9. Exp\u00e9dition avec assurance, via DHL.<\/p>\n","protected":false},"excerpt":{"rendered":"<p>Dessin original de Sylvie Monthul\u00e9 r\u00e9alis\u00e9 \u00e0 la mine graphite sur beau papier de 250 Gr. Format A3 (29,7 x 42 cm.) Le dessin est soigneusement emball\u00e9 avec son certificat d&rsquo;authenticit\u00e9. Exp\u00e9dition avec assurance, via DHL.<\/p>\n","protected":false},"featured_media":147778,"template":"","meta":{"_acf_changed":false},"product_brand":[],"product_cat":[1880,74],"product_tag":[],"class_list":{"0":"post-148053","1":"product","2":"type-product","3":"status-publish","4":"has-post-thumbnail","6":"product_cat-dessins-originaux","7":"product_cat-dessins","9":"first","10":"instock","11":"taxable","12":"shipping-taxable","13":"purchasable","14":"product-type-simple"},"acf":[],"_links":{"self":[{"href":"https:\/\/www.sylvie-monthule.com\/fr\/wp-json\/wp\/v2\/product\/148053","targetHints":{"allow":["GET"]}}],"collection":[{"href":"https:\/\/www.sylvie-monthule.com\/fr\/wp-json\/wp\/v2\/product"}],"about":[{"href":"https:\/\/www.sylvie-monthule.com\/fr\/wp-json\/wp\/v2\/types\/product"}],"wp:featuredmedia":[{"embeddable":true,"href":"https:\/\/www.sylvie-monthule.com\/fr\/wp-json\/wp\/v2\/media\/147778"}],"wp:attachment":[{"href":"https:\/\/www.sylvie-monthule.com\/fr\/wp-json\/wp\/v2\/media?parent=148053"}],"wp:term":[{"taxonomy":"product_brand","embeddable":true,"href":"https:\/\/www.sylvie-monthule.com\/fr\/wp-json\/wp\/v2\/product_brand?post=148053"},{"taxonomy":"product_cat","embeddable":true,"href":"https:\/\/www.sylvie-monthule.com\/fr\/wp-json\/wp\/v2\/product_cat?post=148053"},{"taxonomy":"product_tag","embeddable":true,"href":"https:\/\/www.sylvie-monthule.com\/fr\/wp-json\/wp\/v2\/product_tag?post=148053"}],"curies":[{"name":"wp","href":"https:\/\/api.w.org\/{rel}","templated":true}]}}