{"id":148051,"date":"2025-11-06T15:23:54","date_gmt":"2025-11-06T14:23:54","guid":{"rendered":"https:\/\/www.sylvie-monthule.com\/?post_type=product&#038;p=148051"},"modified":"2025-11-06T15:23:54","modified_gmt":"2025-11-06T14:23:54","slug":"la-chevelure-de-lange-original","status":"publish","type":"product","link":"https:\/\/www.sylvie-monthule.com\/fr\/bijou\/la-chevelure-de-lange-original\/","title":{"rendered":"La chevelure de l&rsquo;ange (original)"},"content":{"rendered":"<p>Dessin original de Sylvie Monthul\u00e9 r\u00e9alis\u00e9 \u00e0 la mine graphite sur beau papier de 250 Gr. (Inspiration d&rsquo;apr\u00e8s une oeuvre de L\u00e9onard de Vinci.) Format A3 (29,7 x 42 cm.) Le dessin est soigneusement emball\u00e9 avec son certificat d&rsquo;authenticit\u00e9. Exp\u00e9dition avec assurance, via DHL.<\/p>\n","protected":false},"excerpt":{"rendered":"<p>Dessin original de Sylvie Monthul\u00e9 r\u00e9alis\u00e9 \u00e0 la mine graphite sur beau papier de 250 Gr. (Inspiration d&rsquo;apr\u00e8s une oeuvre de L\u00e9onard de Vinci.) Format A3 (29,7 x 42 cm.) Le dessin est soigneusement emball\u00e9 avec son certificat d&rsquo;authenticit\u00e9. Exp\u00e9dition avec assurance, via DHL.<\/p>\n","protected":false},"featured_media":147766,"template":"","meta":{"_acf_changed":false},"product_brand":[],"product_cat":[1880,74],"product_tag":[],"class_list":{"0":"post-148051","1":"product","2":"type-product","3":"status-publish","4":"has-post-thumbnail","6":"product_cat-dessins-originaux","7":"product_cat-dessins","9":"first","10":"instock","11":"taxable","12":"shipping-taxable","13":"purchasable","14":"product-type-simple"},"acf":[],"_links":{"self":[{"href":"https:\/\/www.sylvie-monthule.com\/fr\/wp-json\/wp\/v2\/product\/148051","targetHints":{"allow":["GET"]}}],"collection":[{"href":"https:\/\/www.sylvie-monthule.com\/fr\/wp-json\/wp\/v2\/product"}],"about":[{"href":"https:\/\/www.sylvie-monthule.com\/fr\/wp-json\/wp\/v2\/types\/product"}],"wp:featuredmedia":[{"embeddable":true,"href":"https:\/\/www.sylvie-monthule.com\/fr\/wp-json\/wp\/v2\/media\/147766"}],"wp:attachment":[{"href":"https:\/\/www.sylvie-monthule.com\/fr\/wp-json\/wp\/v2\/media?parent=148051"}],"wp:term":[{"taxonomy":"product_brand","embeddable":true,"href":"https:\/\/www.sylvie-monthule.com\/fr\/wp-json\/wp\/v2\/product_brand?post=148051"},{"taxonomy":"product_cat","embeddable":true,"href":"https:\/\/www.sylvie-monthule.com\/fr\/wp-json\/wp\/v2\/product_cat?post=148051"},{"taxonomy":"product_tag","embeddable":true,"href":"https:\/\/www.sylvie-monthule.com\/fr\/wp-json\/wp\/v2\/product_tag?post=148051"}],"curies":[{"name":"wp","href":"https:\/\/api.w.org\/{rel}","templated":true}]}}