{"id":143162,"date":"2024-11-15T09:05:13","date_gmt":"2024-11-15T08:05:13","guid":{"rendered":"https:\/\/www.sylvie-monthule.com\/?post_type=product&#038;p=143162"},"modified":"2025-10-06T08:11:23","modified_gmt":"2025-10-06T07:11:23","slug":"drape-excitant-penis-or","status":"publish","type":"product","link":"https:\/\/www.sylvie-monthule.com\/fr\/bijou\/drape-excitant-penis-or\/","title":{"rendered":"Drap\u00e9 Excitant p\u00e9nis Or"},"content":{"rendered":"<p>Un long drap\u00e9 de chaines souples s&rsquo;agite sous votre verge. Les mailles sont comme un tissu d&rsquo;or qui ondule sur vos testicules. Un bijou de sexe excitant \u00e0 porter et qui provoquera d&rsquo;intenses caresses \u00e0 votre partenaire pendant l&rsquo;amour.<\/p>\n","protected":false},"excerpt":{"rendered":"<p>Drap\u00e9 sexe avec base \u00e9lastiqu\u00e9e<br \/>\npour un maintien parfait.<\/p>\n<p>Chaines maille losange<br \/>\nHaute dorure 1 micron 16 carats<br \/>\net finition 24 carats sur m\u00e9tal.<br \/>\nHauteur drap\u00e9 : 9 cm<br \/>\nHypoallerg\u00e9nique.<\/p>\n","protected":false},"featured_media":142429,"template":"","meta":{"_acf_changed":false},"product_brand":[],"product_cat":[56,65],"product_tag":[],"class_list":{"0":"post-143162","1":"product","2":"type-product","3":"status-publish","4":"has-post-thumbnail","6":"product_cat-bijoux-hommes","7":"product_cat-bijoux-intimes-sexe","8":"collection-30-ans-derotisme","9":"collection-quand-les-bijoux-osent","11":"first","12":"instock","13":"taxable","14":"shipping-taxable","15":"purchasable","16":"product-type-simple"},"acf":[],"_links":{"self":[{"href":"https:\/\/www.sylvie-monthule.com\/fr\/wp-json\/wp\/v2\/product\/143162","targetHints":{"allow":["GET"]}}],"collection":[{"href":"https:\/\/www.sylvie-monthule.com\/fr\/wp-json\/wp\/v2\/product"}],"about":[{"href":"https:\/\/www.sylvie-monthule.com\/fr\/wp-json\/wp\/v2\/types\/product"}],"wp:featuredmedia":[{"embeddable":true,"href":"https:\/\/www.sylvie-monthule.com\/fr\/wp-json\/wp\/v2\/media\/142429"}],"wp:attachment":[{"href":"https:\/\/www.sylvie-monthule.com\/fr\/wp-json\/wp\/v2\/media?parent=143162"}],"wp:term":[{"taxonomy":"product_brand","embeddable":true,"href":"https:\/\/www.sylvie-monthule.com\/fr\/wp-json\/wp\/v2\/product_brand?post=143162"},{"taxonomy":"product_cat","embeddable":true,"href":"https:\/\/www.sylvie-monthule.com\/fr\/wp-json\/wp\/v2\/product_cat?post=143162"},{"taxonomy":"product_tag","embeddable":true,"href":"https:\/\/www.sylvie-monthule.com\/fr\/wp-json\/wp\/v2\/product_tag?post=143162"}],"curies":[{"name":"wp","href":"https:\/\/api.w.org\/{rel}","templated":true}]}}