{"id":143161,"date":"2024-11-15T09:05:15","date_gmt":"2024-11-15T08:05:15","guid":{"rendered":"https:\/\/www.sylvie-monthule.com\/?post_type=product&#038;p=143161"},"modified":"2024-11-15T09:05:15","modified_gmt":"2024-11-15T08:05:15","slug":"bijou-penis-felin-noir-et-argent","status":"publish","type":"product","link":"https:\/\/www.sylvie-monthule.com\/fr\/bijou\/bijou-penis-felin-noir-et-argent\/","title":{"rendered":"Bijou p\u00e9nis F\u00e9lin Noir et Argent"},"content":{"rendered":"<p>D&rsquo;abord la trace d&rsquo;une patte de f\u00e9lin noire et argent \u00e0 la base de votre p\u00e9nis, puis la chaine enla\u00e7ant votre sexe et le balancement troublant de la goutte noire sur vos testicules. Un bijou f\u00e9lin pour Lui en harmonie avec les bijoux f\u00e9lins pour Elle !<\/p>\n","protected":false},"excerpt":{"rendered":"<p>Bijou p\u00e9nis avec base \u00e9lastiqu\u00e9e<br \/>\npour un maintien parfait.<\/p>\n<p>Bijou et ornement :<br \/>\nPlaqu\u00e9 argent 10 microns sur m\u00e9tal.<br \/>\nEmaillage noir. Goutte noire en verre.<br \/>\nHypoallerg\u00e9nique.<\/p>\n","protected":false},"featured_media":142413,"template":"","meta":{"_acf_changed":false},"product_brand":[],"product_cat":[56,65],"product_tag":[],"class_list":{"0":"post-143161","1":"product","2":"type-product","3":"status-publish","4":"has-post-thumbnail","6":"product_cat-bijoux-hommes","7":"product_cat-bijoux-intimes-sexe","8":"collection-quand-les-bijoux-osent","10":"first","11":"instock","12":"taxable","13":"shipping-taxable","14":"purchasable","15":"product-type-simple"},"acf":[],"_links":{"self":[{"href":"https:\/\/www.sylvie-monthule.com\/fr\/wp-json\/wp\/v2\/product\/143161","targetHints":{"allow":["GET"]}}],"collection":[{"href":"https:\/\/www.sylvie-monthule.com\/fr\/wp-json\/wp\/v2\/product"}],"about":[{"href":"https:\/\/www.sylvie-monthule.com\/fr\/wp-json\/wp\/v2\/types\/product"}],"wp:featuredmedia":[{"embeddable":true,"href":"https:\/\/www.sylvie-monthule.com\/fr\/wp-json\/wp\/v2\/media\/142413"}],"wp:attachment":[{"href":"https:\/\/www.sylvie-monthule.com\/fr\/wp-json\/wp\/v2\/media?parent=143161"}],"wp:term":[{"taxonomy":"product_brand","embeddable":true,"href":"https:\/\/www.sylvie-monthule.com\/fr\/wp-json\/wp\/v2\/product_brand?post=143161"},{"taxonomy":"product_cat","embeddable":true,"href":"https:\/\/www.sylvie-monthule.com\/fr\/wp-json\/wp\/v2\/product_cat?post=143161"},{"taxonomy":"product_tag","embeddable":true,"href":"https:\/\/www.sylvie-monthule.com\/fr\/wp-json\/wp\/v2\/product_tag?post=143161"}],"curies":[{"name":"wp","href":"https:\/\/api.w.org\/{rel}","templated":true}]}}