{"id":143158,"date":"2024-11-15T09:05:16","date_gmt":"2024-11-15T08:05:16","guid":{"rendered":"https:\/\/www.sylvie-monthule.com\/?post_type=product&#038;p=143158"},"modified":"2024-11-15T09:05:16","modified_gmt":"2024-11-15T08:05:16","slug":"bracelet-penis-empreintes-felines-or","status":"publish","type":"product","link":"https:\/\/www.sylvie-monthule.com\/fr\/bijou\/bracelet-penis-empreintes-felines-or\/","title":{"rendered":"Bracelet p\u00e9nis Empreintes F\u00e9lines Or"},"content":{"rendered":"<p>Deux empreintes de chat ornent la base de votre sexe. Deux pattes noires et or, aussi douces que le velours, unies par un jeu de chaines. Un bijou de p\u00e9nis au design f\u00e9lin et tr\u00e8s confortable gr\u00e2ce \u00e0 son bracelet en coton \u00e9lastiqu\u00e9.<\/p>\n","protected":false},"excerpt":{"rendered":"<p>Bracelet de p\u00e9nis avec base \u00e9lastiqu\u00e9e<br \/>\npour un maintien parfait.<\/p>\n<p>Bijou et ornement :<br \/>\nHaute dorure 1 micron 16 carats<br \/>\net finition 24 carats sur m\u00e9tal.<br \/>\nEmaillage noir<br \/>\nHypoallerg\u00e9nique.<\/p>\n","protected":false},"featured_media":142365,"template":"","meta":{"_acf_changed":false},"product_brand":[],"product_cat":[56,65],"product_tag":[],"class_list":{"0":"post-143158","1":"product","2":"type-product","3":"status-publish","4":"has-post-thumbnail","6":"product_cat-bijoux-hommes","7":"product_cat-bijoux-intimes-sexe","8":"collection-quand-les-bijoux-osent","10":"first","11":"instock","12":"taxable","13":"shipping-taxable","14":"purchasable","15":"product-type-simple"},"acf":[],"_links":{"self":[{"href":"https:\/\/www.sylvie-monthule.com\/fr\/wp-json\/wp\/v2\/product\/143158","targetHints":{"allow":["GET"]}}],"collection":[{"href":"https:\/\/www.sylvie-monthule.com\/fr\/wp-json\/wp\/v2\/product"}],"about":[{"href":"https:\/\/www.sylvie-monthule.com\/fr\/wp-json\/wp\/v2\/types\/product"}],"wp:featuredmedia":[{"embeddable":true,"href":"https:\/\/www.sylvie-monthule.com\/fr\/wp-json\/wp\/v2\/media\/142365"}],"wp:attachment":[{"href":"https:\/\/www.sylvie-monthule.com\/fr\/wp-json\/wp\/v2\/media?parent=143158"}],"wp:term":[{"taxonomy":"product_brand","embeddable":true,"href":"https:\/\/www.sylvie-monthule.com\/fr\/wp-json\/wp\/v2\/product_brand?post=143158"},{"taxonomy":"product_cat","embeddable":true,"href":"https:\/\/www.sylvie-monthule.com\/fr\/wp-json\/wp\/v2\/product_cat?post=143158"},{"taxonomy":"product_tag","embeddable":true,"href":"https:\/\/www.sylvie-monthule.com\/fr\/wp-json\/wp\/v2\/product_tag?post=143158"}],"curies":[{"name":"wp","href":"https:\/\/api.w.org\/{rel}","templated":true}]}}