{"id":143154,"date":"2024-11-15T09:05:19","date_gmt":"2024-11-15T08:05:19","guid":{"rendered":"https:\/\/www.sylvie-monthule.com\/?post_type=product&#038;p=143154"},"modified":"2025-02-27T14:26:20","modified_gmt":"2025-02-27T13:26:20","slug":"chaine-de-fesses-femme-feline-argent","status":"publish","type":"product","link":"https:\/\/www.sylvie-monthule.com\/fr\/bijou\/chaine-de-fesses-femme-feline-argent\/","title":{"rendered":"Chaine de fesses Femme F\u00e9line Argent"},"content":{"rendered":"<p>Dans la courbe de vos reins, la splendeur d&rsquo;une femme bijou, aux courbes pleines et insolentes&#8230; Son corps d\u00e9licieusement cambr\u00e9 et sa queue f\u00e9line scintillent sur la peau velout\u00e9e. Entre les rondeurs de vos fesses, la perle s&rsquo;abandonne \u00e0 la beaut\u00e9 intime du d\u00e9sir&#8230; L&rsquo;Argent devient frisson.<\/p>\n","protected":false},"excerpt":{"rendered":"<p>Indiquez dans le bloc taille votre choix :<br \/>\nS, M, L, XL&#8230;. Quelle que soit la taille choisie<br \/>\nnos chaines de taille ont un r\u00e9glage.<\/p>\n<p>Femme et ornements :<br \/>\nPlaqu\u00e9 argent 10 microns sur m\u00e9tal.<br \/>\nHauteur pendentif avec goutte h\u00e9matite : 5,5 cm (env)<br \/>\nHypoallerg\u00e9nique.<\/p>\n","protected":false},"featured_media":142581,"template":"","meta":{"_acf_changed":false},"product_brand":[],"product_cat":[58,67],"product_tag":[],"class_list":{"0":"post-143154","1":"product","2":"type-product","3":"status-publish","4":"has-post-thumbnail","6":"product_cat-bijou-intime-femme","7":"product_cat-bijoux-taille-et-cheville","8":"collection-quand-les-bijoux-osent","9":"product_option-tableau-tailles","11":"first","12":"instock","13":"taxable","14":"shipping-taxable","15":"purchasable","16":"product-type-variable","17":"has-default-attributes"},"acf":[],"_links":{"self":[{"href":"https:\/\/www.sylvie-monthule.com\/fr\/wp-json\/wp\/v2\/product\/143154","targetHints":{"allow":["GET"]}}],"collection":[{"href":"https:\/\/www.sylvie-monthule.com\/fr\/wp-json\/wp\/v2\/product"}],"about":[{"href":"https:\/\/www.sylvie-monthule.com\/fr\/wp-json\/wp\/v2\/types\/product"}],"wp:featuredmedia":[{"embeddable":true,"href":"https:\/\/www.sylvie-monthule.com\/fr\/wp-json\/wp\/v2\/media\/142581"}],"wp:attachment":[{"href":"https:\/\/www.sylvie-monthule.com\/fr\/wp-json\/wp\/v2\/media?parent=143154"}],"wp:term":[{"taxonomy":"product_brand","embeddable":true,"href":"https:\/\/www.sylvie-monthule.com\/fr\/wp-json\/wp\/v2\/product_brand?post=143154"},{"taxonomy":"product_cat","embeddable":true,"href":"https:\/\/www.sylvie-monthule.com\/fr\/wp-json\/wp\/v2\/product_cat?post=143154"},{"taxonomy":"product_tag","embeddable":true,"href":"https:\/\/www.sylvie-monthule.com\/fr\/wp-json\/wp\/v2\/product_tag?post=143154"}],"curies":[{"name":"wp","href":"https:\/\/api.w.org\/{rel}","templated":true}]}}