{"id":143145,"date":"2024-11-15T09:05:24","date_gmt":"2024-11-15T08:05:24","guid":{"rendered":"https:\/\/www.sylvie-monthule.com\/?post_type=product&#038;p=143145"},"modified":"2024-11-15T09:05:24","modified_gmt":"2024-11-15T08:05:24","slug":"boucles-doreilles-femmes-felines-or","status":"publish","type":"product","link":"https:\/\/www.sylvie-monthule.com\/fr\/bijou\/boucles-doreilles-femmes-felines-or\/","title":{"rendered":"Boucles d&rsquo;oreilles Femmes F\u00e9lines Or"},"content":{"rendered":"<p>Deux corps de femme sont suspendus \u00e0 vos oreilles. Sculptures f\u00e9lines v\u00eatues d&rsquo;Or, bijoux aux courbes voluptueuses pour capturer tous les regards.<\/p>\n","protected":false},"excerpt":{"rendered":"<p>Bijoux oreilles perc\u00e9es.<br \/>\n1 micron 16 carats et finition<br \/>\n24 carats sur m\u00e9tal.<br \/>\nHauteur pendentif ; 2,5 cm env.<br \/>\nHypoallerg\u00e9nique.<\/p>\n","protected":false},"featured_media":142461,"template":"","meta":{"_acf_changed":false},"product_brand":[],"product_cat":[58,64],"product_tag":[],"class_list":{"0":"post-143145","1":"product","2":"type-product","3":"status-publish","4":"has-post-thumbnail","6":"product_cat-bijou-intime-femme","7":"product_cat-pendentifs-et-boucles-doreilles","8":"collection-quand-les-bijoux-osent","9":"product_option-vendu-par-paire","11":"first","12":"instock","13":"taxable","14":"shipping-taxable","15":"purchasable","16":"product-type-simple"},"acf":[],"_links":{"self":[{"href":"https:\/\/www.sylvie-monthule.com\/fr\/wp-json\/wp\/v2\/product\/143145","targetHints":{"allow":["GET"]}}],"collection":[{"href":"https:\/\/www.sylvie-monthule.com\/fr\/wp-json\/wp\/v2\/product"}],"about":[{"href":"https:\/\/www.sylvie-monthule.com\/fr\/wp-json\/wp\/v2\/types\/product"}],"wp:featuredmedia":[{"embeddable":true,"href":"https:\/\/www.sylvie-monthule.com\/fr\/wp-json\/wp\/v2\/media\/142461"}],"wp:attachment":[{"href":"https:\/\/www.sylvie-monthule.com\/fr\/wp-json\/wp\/v2\/media?parent=143145"}],"wp:term":[{"taxonomy":"product_brand","embeddable":true,"href":"https:\/\/www.sylvie-monthule.com\/fr\/wp-json\/wp\/v2\/product_brand?post=143145"},{"taxonomy":"product_cat","embeddable":true,"href":"https:\/\/www.sylvie-monthule.com\/fr\/wp-json\/wp\/v2\/product_cat?post=143145"},{"taxonomy":"product_tag","embeddable":true,"href":"https:\/\/www.sylvie-monthule.com\/fr\/wp-json\/wp\/v2\/product_tag?post=143145"}],"curies":[{"name":"wp","href":"https:\/\/api.w.org\/{rel}","templated":true}]}}