{"id":143141,"date":"2024-11-15T09:05:26","date_gmt":"2024-11-15T08:05:26","guid":{"rendered":"https:\/\/www.sylvie-monthule.com\/?post_type=product&#038;p=143141"},"modified":"2024-11-15T09:05:26","modified_gmt":"2024-11-15T08:05:26","slug":"pendentif-femme-feline-or","status":"publish","type":"product","link":"https:\/\/www.sylvie-monthule.com\/fr\/bijou\/pendentif-femme-feline-or\/","title":{"rendered":"Pendentif Femme F\u00e9line Or"},"content":{"rendered":"<p>Femme f\u00e9line si sensuelle, si provocante&#8230; Femme pr\u00eate \u00e0 bondir, courbant sa queue de chatte. Volupt\u00e9 d&rsquo;un pendentif Or qui joue l&rsquo;insolence et ronronne sur la peau !<\/p>\n","protected":false},"excerpt":{"rendered":"<p>Pendentif femme chat sur chaine de 50 cm .<br \/>\n1 micron 16 carats et finition 24 carats sur m\u00e9tal.<br \/>\nGoutte h\u00e9matite.<br \/>\nHauteur pendentif avec goutte : 5,5 cm env.<br \/>\nHypoallerg\u00e9nique.<\/p>\n","protected":false},"featured_media":142729,"template":"","meta":{"_acf_changed":false},"product_brand":[],"product_cat":[58,64],"product_tag":[],"class_list":{"0":"post-143141","1":"product","2":"type-product","3":"status-publish","4":"has-post-thumbnail","6":"product_cat-bijou-intime-femme","7":"product_cat-pendentifs-et-boucles-doreilles","8":"collection-quand-les-bijoux-osent","10":"first","11":"instock","12":"taxable","13":"shipping-taxable","14":"purchasable","15":"product-type-simple"},"acf":[],"_links":{"self":[{"href":"https:\/\/www.sylvie-monthule.com\/fr\/wp-json\/wp\/v2\/product\/143141","targetHints":{"allow":["GET"]}}],"collection":[{"href":"https:\/\/www.sylvie-monthule.com\/fr\/wp-json\/wp\/v2\/product"}],"about":[{"href":"https:\/\/www.sylvie-monthule.com\/fr\/wp-json\/wp\/v2\/types\/product"}],"wp:featuredmedia":[{"embeddable":true,"href":"https:\/\/www.sylvie-monthule.com\/fr\/wp-json\/wp\/v2\/media\/142729"}],"wp:attachment":[{"href":"https:\/\/www.sylvie-monthule.com\/fr\/wp-json\/wp\/v2\/media?parent=143141"}],"wp:term":[{"taxonomy":"product_brand","embeddable":true,"href":"https:\/\/www.sylvie-monthule.com\/fr\/wp-json\/wp\/v2\/product_brand?post=143141"},{"taxonomy":"product_cat","embeddable":true,"href":"https:\/\/www.sylvie-monthule.com\/fr\/wp-json\/wp\/v2\/product_cat?post=143141"},{"taxonomy":"product_tag","embeddable":true,"href":"https:\/\/www.sylvie-monthule.com\/fr\/wp-json\/wp\/v2\/product_tag?post=143141"}],"curies":[{"name":"wp","href":"https:\/\/api.w.org\/{rel}","templated":true}]}}