{"id":143139,"date":"2024-11-15T09:05:27","date_gmt":"2024-11-15T08:05:27","guid":{"rendered":"https:\/\/www.sylvie-monthule.com\/?post_type=product&#038;p=143139"},"modified":"2024-11-15T09:05:27","modified_gmt":"2024-11-15T08:05:27","slug":"collier-seins-chats-enlaces-or","status":"publish","type":"product","link":"https:\/\/www.sylvie-monthule.com\/fr\/bijou\/collier-seins-chats-enlaces-or\/","title":{"rendered":"Collier seins Chats Enlac\u00e9s Or"},"content":{"rendered":"<p>Sur votre peau, deux chats d&rsquo;or ne font plus qu&rsquo;un. Leurs queues s&rsquo;entrem\u00ealent pour faire danser les chaines scintillantes sur vos seins dress\u00e9s et vos t\u00e9tons d\u00e9licatement pi\u00e9g\u00e9s s&rsquo;abandonnent \u00e0 l&rsquo;\u00e9clat de cristaux sublimes. Dans la nuit, deux chats s&rsquo;enlacent pour chanter leur amour sous la lune&#8230; Un bijou de corps d&rsquo;une sensualit\u00e9 infinie.<\/p>\n","protected":false},"excerpt":{"rendered":"<p>Gr\u00e2ce \u00e0 la chaine de r\u00e9glage au cou,<br \/>\nvous ajusterez comme vous le souhaitez la position du pendentif.<br \/>\nCollier seins avec attaches-seins non piercing, indolores<br \/>\net coulissantes s&rsquo;adaptant au diam\u00e8tre des t\u00e9tons.<\/p>\n<p>Pendentif et ornements :<br \/>\n1 micron 16 carats et finition 24 carats sur m\u00e9tal.<br \/>\nLune plaqu\u00e9 argent 10 microns.<br \/>\nCristaux facettes.<br \/>\nHauteur pendentif chats : 3,5 cm (env)<br \/>\nHypoallerg\u00e9nique.<\/p>\n","protected":false},"featured_media":142689,"template":"","meta":{"_acf_changed":false},"product_brand":[],"product_cat":[58,69],"product_tag":[],"class_list":{"0":"post-143139","1":"product","2":"type-product","3":"status-publish","4":"has-post-thumbnail","6":"product_cat-bijou-intime-femme","7":"product_cat-bijoux-seins-non-piercing","8":"collection-quand-les-bijoux-osent","10":"first","11":"instock","12":"taxable","13":"shipping-taxable","14":"purchasable","15":"product-type-simple"},"acf":[],"_links":{"self":[{"href":"https:\/\/www.sylvie-monthule.com\/fr\/wp-json\/wp\/v2\/product\/143139","targetHints":{"allow":["GET"]}}],"collection":[{"href":"https:\/\/www.sylvie-monthule.com\/fr\/wp-json\/wp\/v2\/product"}],"about":[{"href":"https:\/\/www.sylvie-monthule.com\/fr\/wp-json\/wp\/v2\/types\/product"}],"wp:featuredmedia":[{"embeddable":true,"href":"https:\/\/www.sylvie-monthule.com\/fr\/wp-json\/wp\/v2\/media\/142689"}],"wp:attachment":[{"href":"https:\/\/www.sylvie-monthule.com\/fr\/wp-json\/wp\/v2\/media?parent=143139"}],"wp:term":[{"taxonomy":"product_brand","embeddable":true,"href":"https:\/\/www.sylvie-monthule.com\/fr\/wp-json\/wp\/v2\/product_brand?post=143139"},{"taxonomy":"product_cat","embeddable":true,"href":"https:\/\/www.sylvie-monthule.com\/fr\/wp-json\/wp\/v2\/product_cat?post=143139"},{"taxonomy":"product_tag","embeddable":true,"href":"https:\/\/www.sylvie-monthule.com\/fr\/wp-json\/wp\/v2\/product_tag?post=143139"}],"curies":[{"name":"wp","href":"https:\/\/api.w.org\/{rel}","templated":true}]}}