{"id":143137,"date":"2024-11-15T09:05:28","date_gmt":"2024-11-15T08:05:28","guid":{"rendered":"https:\/\/www.sylvie-monthule.com\/?post_type=product&#038;p=143137"},"modified":"2024-11-15T09:05:28","modified_gmt":"2024-11-15T08:05:28","slug":"collier-seins-femme-feline-or","status":"publish","type":"product","link":"https:\/\/www.sylvie-monthule.com\/fr\/bijou\/collier-seins-femme-feline-or\/","title":{"rendered":"Collier seins Femme F\u00e9line Or"},"content":{"rendered":"<p>Au creux de votre d\u00e9collet\u00e9, une femme bijou d\u00e9voile ses cambrures insolentes. Le corps si sensuel semble pr\u00eat \u00e0 bondir et sa queue s&rsquo;enroule en une longue volute d&rsquo;Or. Femme f\u00e9line jouant avec les chaines qui coulent jusqu&rsquo;\u00e0 vos seins, agitant les perles suspendues sous vos t\u00e9tons&#8230; Femme chatte aux caresses de velours sur la peau nue.<\/p>\n","protected":false},"excerpt":{"rendered":"<p>Gr\u00e2ce \u00e0 la chaine de r\u00e9glage au cou,<br \/>\nvous ajusterez comme vous le souhaitez la position du pendentif.<br \/>\nCollier seins avec attaches-seins non piercing, indolores<br \/>\net coulissantes, s&rsquo;adaptant au diam\u00e8tre des t\u00e9tons.<\/p>\n<p>Pendentif et ornements :<br \/>\n1 micron 16 carats et finition 24 carats sur m\u00e9tal.<br \/>\nPerles h\u00e9matites.<br \/>\nHauteur pendentif : 4 cm (env)<br \/>\nHypoallerg\u00e9nique.<\/p>\n","protected":false},"featured_media":142645,"template":"","meta":{"_acf_changed":false},"product_brand":[],"product_cat":[58,69],"product_tag":[],"class_list":{"0":"post-143137","1":"product","2":"type-product","3":"status-publish","4":"has-post-thumbnail","6":"product_cat-bijou-intime-femme","7":"product_cat-bijoux-seins-non-piercing","8":"collection-quand-les-bijoux-osent","10":"first","11":"instock","12":"taxable","13":"shipping-taxable","14":"purchasable","15":"product-type-simple"},"acf":[],"_links":{"self":[{"href":"https:\/\/www.sylvie-monthule.com\/fr\/wp-json\/wp\/v2\/product\/143137","targetHints":{"allow":["GET"]}}],"collection":[{"href":"https:\/\/www.sylvie-monthule.com\/fr\/wp-json\/wp\/v2\/product"}],"about":[{"href":"https:\/\/www.sylvie-monthule.com\/fr\/wp-json\/wp\/v2\/types\/product"}],"wp:featuredmedia":[{"embeddable":true,"href":"https:\/\/www.sylvie-monthule.com\/fr\/wp-json\/wp\/v2\/media\/142645"}],"wp:attachment":[{"href":"https:\/\/www.sylvie-monthule.com\/fr\/wp-json\/wp\/v2\/media?parent=143137"}],"wp:term":[{"taxonomy":"product_brand","embeddable":true,"href":"https:\/\/www.sylvie-monthule.com\/fr\/wp-json\/wp\/v2\/product_brand?post=143137"},{"taxonomy":"product_cat","embeddable":true,"href":"https:\/\/www.sylvie-monthule.com\/fr\/wp-json\/wp\/v2\/product_cat?post=143137"},{"taxonomy":"product_tag","embeddable":true,"href":"https:\/\/www.sylvie-monthule.com\/fr\/wp-json\/wp\/v2\/product_tag?post=143137"}],"curies":[{"name":"wp","href":"https:\/\/api.w.org\/{rel}","templated":true}]}}