{"id":143134,"date":"2024-11-15T09:05:29","date_gmt":"2024-11-15T08:05:29","guid":{"rendered":"https:\/\/www.sylvie-monthule.com\/?post_type=product&#038;p=143134"},"modified":"2024-11-15T09:05:29","modified_gmt":"2024-11-15T08:05:29","slug":"bijoux-tetons-femmes-felines-argent","status":"publish","type":"product","link":"https:\/\/www.sylvie-monthule.com\/fr\/bijou\/bijoux-tetons-femmes-felines-argent\/","title":{"rendered":"Bijoux t\u00e9tons Femmes F\u00e9lines Argent"},"content":{"rendered":"<p>Deux petites femmes f\u00e9lines v\u00eatues d&rsquo;Argent ont captur\u00e9 vos t\u00e9tons ! Reins cambr\u00e9s et fesses dress\u00e9es, elles prennent des pauses lascives et d\u00e9ploient leurs queues de chat&#8230; Bijoux sensuels pour sublimer vos seins.<\/p>\n","protected":false},"excerpt":{"rendered":"<p>Bijoux sans piercing avec attaches seins<br \/>\nindolores et coulissantes, s&rsquo;adaptant \u00e0<br \/>\nau diam\u00e8tre des t\u00e9tons.<\/p>\n<p>Plaqu\u00e9 argent 10 microns sur m\u00e9tal.<br \/>\nHauteur pendentif ; 2,5 cm env.<br \/>\nHypoallerg\u00e9nique.<\/p>\n","protected":false},"featured_media":142313,"template":"","meta":{"_acf_changed":false},"product_brand":[],"product_cat":[58,69],"product_tag":[],"class_list":{"0":"post-143134","1":"product","2":"type-product","3":"status-publish","4":"has-post-thumbnail","6":"product_cat-bijou-intime-femme","7":"product_cat-bijoux-seins-non-piercing","8":"collection-quand-les-bijoux-osent","9":"product_option-vendu-par-paire","11":"first","12":"instock","13":"taxable","14":"shipping-taxable","15":"purchasable","16":"product-type-simple"},"acf":[],"_links":{"self":[{"href":"https:\/\/www.sylvie-monthule.com\/fr\/wp-json\/wp\/v2\/product\/143134","targetHints":{"allow":["GET"]}}],"collection":[{"href":"https:\/\/www.sylvie-monthule.com\/fr\/wp-json\/wp\/v2\/product"}],"about":[{"href":"https:\/\/www.sylvie-monthule.com\/fr\/wp-json\/wp\/v2\/types\/product"}],"wp:featuredmedia":[{"embeddable":true,"href":"https:\/\/www.sylvie-monthule.com\/fr\/wp-json\/wp\/v2\/media\/142313"}],"wp:attachment":[{"href":"https:\/\/www.sylvie-monthule.com\/fr\/wp-json\/wp\/v2\/media?parent=143134"}],"wp:term":[{"taxonomy":"product_brand","embeddable":true,"href":"https:\/\/www.sylvie-monthule.com\/fr\/wp-json\/wp\/v2\/product_brand?post=143134"},{"taxonomy":"product_cat","embeddable":true,"href":"https:\/\/www.sylvie-monthule.com\/fr\/wp-json\/wp\/v2\/product_cat?post=143134"},{"taxonomy":"product_tag","embeddable":true,"href":"https:\/\/www.sylvie-monthule.com\/fr\/wp-json\/wp\/v2\/product_tag?post=143134"}],"curies":[{"name":"wp","href":"https:\/\/api.w.org\/{rel}","templated":true}]}}