{"id":143131,"date":"2024-11-15T09:05:30","date_gmt":"2024-11-15T08:05:30","guid":{"rendered":"https:\/\/www.sylvie-monthule.com\/?post_type=product&#038;p=143131"},"modified":"2026-03-18T10:59:02","modified_gmt":"2026-03-18T09:59:02","slug":"soutien-gorge-pattes-de-velours-or","status":"publish","type":"product","link":"https:\/\/www.sylvie-monthule.com\/fr\/bijou\/soutien-gorge-pattes-de-velours-or\/","title":{"rendered":"Soutien-gorge Pattes de Velours Or"},"content":{"rendered":"<p>Glissez votre poitrine dans ce soutien gorge bijou, laissez l&rsquo;Or enlacer les courbes de vos seins avec audace et sensualit\u00e9, laissez les bretelles de satin caresser vos \u00e9paules et r\u00e9v\u00e9ler les traces f\u00e9lines qui scintillent sur votre peau&#8230; Un bijou topless pour sublimer votre f\u00e9minit\u00e9 et attiser vos instintcs les plus f\u00e9lins !<\/p>\n","protected":false},"excerpt":{"rendered":"<p>Soutien-gorge seins nus enti\u00e8rement ajustable.<br \/>\nR\u00e9glages au cou et au dos.<\/p>\n<p>Bretelles satin noir. Pattes chats et ornements<br \/>\n1 micron 16 carats et finition 24 carats sur m\u00e9tal.<br \/>\nEmaillage noir. Hypoallerg\u00e9nique.<\/p>\n","protected":false},"featured_media":142809,"template":"","meta":{"_acf_changed":false},"product_brand":[],"product_cat":[58,61],"product_tag":[],"class_list":{"0":"post-143131","1":"product","2":"type-product","3":"status-publish","4":"has-post-thumbnail","6":"product_cat-bijou-intime-femme","7":"product_cat-soutiens-gorge-bijoux","8":"collection-quand-les-bijoux-osent","10":"first","11":"instock","12":"taxable","13":"shipping-taxable","14":"purchasable","15":"product-type-simple"},"acf":[],"_links":{"self":[{"href":"https:\/\/www.sylvie-monthule.com\/fr\/wp-json\/wp\/v2\/product\/143131","targetHints":{"allow":["GET"]}}],"collection":[{"href":"https:\/\/www.sylvie-monthule.com\/fr\/wp-json\/wp\/v2\/product"}],"about":[{"href":"https:\/\/www.sylvie-monthule.com\/fr\/wp-json\/wp\/v2\/types\/product"}],"wp:featuredmedia":[{"embeddable":true,"href":"https:\/\/www.sylvie-monthule.com\/fr\/wp-json\/wp\/v2\/media\/142809"}],"wp:attachment":[{"href":"https:\/\/www.sylvie-monthule.com\/fr\/wp-json\/wp\/v2\/media?parent=143131"}],"wp:term":[{"taxonomy":"product_brand","embeddable":true,"href":"https:\/\/www.sylvie-monthule.com\/fr\/wp-json\/wp\/v2\/product_brand?post=143131"},{"taxonomy":"product_cat","embeddable":true,"href":"https:\/\/www.sylvie-monthule.com\/fr\/wp-json\/wp\/v2\/product_cat?post=143131"},{"taxonomy":"product_tag","embeddable":true,"href":"https:\/\/www.sylvie-monthule.com\/fr\/wp-json\/wp\/v2\/product_tag?post=143131"}],"curies":[{"name":"wp","href":"https:\/\/api.w.org\/{rel}","templated":true}]}}