{"id":143129,"date":"2024-11-15T09:05:31","date_gmt":"2024-11-15T08:05:31","guid":{"rendered":"https:\/\/www.sylvie-monthule.com\/?post_type=product&#038;p=143129"},"modified":"2024-11-15T09:05:31","modified_gmt":"2024-11-15T08:05:31","slug":"string-bijou-pattes-de-velours-or","status":"publish","type":"product","link":"https:\/\/www.sylvie-monthule.com\/fr\/bijou\/string-bijou-pattes-de-velours-or\/","title":{"rendered":"String bijou Pattes de Velours Or"},"content":{"rendered":"<p>Sur la courbe de votre pubis, comme un bijou tatouage&#8230; Deux empreintes f\u00e9lines jouent avec vos sens. Les pattes de velours v\u00eatues de noir et d&rsquo;Or lib\u00e8rent le drap\u00e9 de chaines sensuelles. Un bijou de peau qui \u00e9veille le corps \u00e0 mille frissons, invite le d\u00e9sir et l&rsquo;amour.<\/p>\n","protected":false},"excerpt":{"rendered":"<p>Gr\u00e2ce \u00e0 ses \u00e9lastiques en coton doux,<br \/>\nvous positionnez le string bijou \u00e0 la perfection.<\/p>\n<p>Pattes chat et ornements 1 micron 16 carats<br \/>\net finition 24 carats sur m\u00e9tal. Emaillage noir.<br \/>\nOrnement dos string.<br \/>\nHypoallerg\u00e9nique.<\/p>\n","protected":false},"featured_media":143013,"template":"","meta":{"_acf_changed":false},"product_brand":[],"product_cat":[58,59],"product_tag":[],"class_list":{"0":"post-143129","1":"product","2":"type-product","3":"status-publish","4":"has-post-thumbnail","6":"product_cat-bijou-intime-femme","7":"product_cat-strings-bijoux","8":"collection-quand-les-bijoux-osent","9":"product_option-tableau-tailles","11":"first","12":"instock","13":"taxable","14":"shipping-taxable","15":"purchasable","16":"product-type-simple"},"acf":[],"_links":{"self":[{"href":"https:\/\/www.sylvie-monthule.com\/fr\/wp-json\/wp\/v2\/product\/143129","targetHints":{"allow":["GET"]}}],"collection":[{"href":"https:\/\/www.sylvie-monthule.com\/fr\/wp-json\/wp\/v2\/product"}],"about":[{"href":"https:\/\/www.sylvie-monthule.com\/fr\/wp-json\/wp\/v2\/types\/product"}],"wp:featuredmedia":[{"embeddable":true,"href":"https:\/\/www.sylvie-monthule.com\/fr\/wp-json\/wp\/v2\/media\/143013"}],"wp:attachment":[{"href":"https:\/\/www.sylvie-monthule.com\/fr\/wp-json\/wp\/v2\/media?parent=143129"}],"wp:term":[{"taxonomy":"product_brand","embeddable":true,"href":"https:\/\/www.sylvie-monthule.com\/fr\/wp-json\/wp\/v2\/product_brand?post=143129"},{"taxonomy":"product_cat","embeddable":true,"href":"https:\/\/www.sylvie-monthule.com\/fr\/wp-json\/wp\/v2\/product_cat?post=143129"},{"taxonomy":"product_tag","embeddable":true,"href":"https:\/\/www.sylvie-monthule.com\/fr\/wp-json\/wp\/v2\/product_tag?post=143129"}],"curies":[{"name":"wp","href":"https:\/\/api.w.org\/{rel}","templated":true}]}}