{"id":143127,"date":"2024-11-15T09:05:32","date_gmt":"2024-11-15T08:05:32","guid":{"rendered":"https:\/\/www.sylvie-monthule.com\/?post_type=product&#038;p=143127"},"modified":"2024-11-15T09:05:32","modified_gmt":"2024-11-15T08:05:32","slug":"string-masque-chat-volupte-or","status":"publish","type":"product","link":"https:\/\/www.sylvie-monthule.com\/fr\/bijou\/string-masque-chat-volupte-or\/","title":{"rendered":"String Masque Chat Volupt\u00e9 Or"},"content":{"rendered":"<p>Cette nuit devenez celle qui m\u00e8ne le jeu, qui dompte le d\u00e9sir&#8230; Glissez votre corps dans un string masque chat. Succombez \u00e0 sa douceur sur la peau nue, \u00e0 ses d\u00e9tails exquis si f\u00e9lins, aux scintillements de ses \u00e9clats noirs et or et de ses fins pendentifs. Soyez f\u00e9line, sensuelle, rebelle&#8230;<\/p>\n","protected":false},"excerpt":{"rendered":"<p>Gr\u00e2ce \u00e0 ses \u00e9lastiques en coton doux,<br \/>\nvous positionnez le string bijou \u00e0 la perfection.<\/p>\n<p>Masque chat et ornements :<br \/>\n1 micron 16 carats et finition 24 carats sur m\u00e9tal. Effet granit\u00e9.<br \/>\nEmaillage noir. Largeur masque : 8 cm (env)<br \/>\nOrnement dos string.<br \/>\nHypoallerg\u00e9nique.<\/p>\n","protected":false},"featured_media":142965,"template":"","meta":{"_acf_changed":false},"product_brand":[],"product_cat":[58,59],"product_tag":[],"class_list":{"0":"post-143127","1":"product","2":"type-product","3":"status-publish","4":"has-post-thumbnail","6":"product_cat-bijou-intime-femme","7":"product_cat-strings-bijoux","8":"collection-quand-les-bijoux-osent","9":"product_option-tableau-tailles","11":"first","12":"instock","13":"taxable","14":"shipping-taxable","15":"purchasable","16":"product-type-simple"},"acf":[],"_links":{"self":[{"href":"https:\/\/www.sylvie-monthule.com\/fr\/wp-json\/wp\/v2\/product\/143127","targetHints":{"allow":["GET"]}}],"collection":[{"href":"https:\/\/www.sylvie-monthule.com\/fr\/wp-json\/wp\/v2\/product"}],"about":[{"href":"https:\/\/www.sylvie-monthule.com\/fr\/wp-json\/wp\/v2\/types\/product"}],"wp:featuredmedia":[{"embeddable":true,"href":"https:\/\/www.sylvie-monthule.com\/fr\/wp-json\/wp\/v2\/media\/142965"}],"wp:attachment":[{"href":"https:\/\/www.sylvie-monthule.com\/fr\/wp-json\/wp\/v2\/media?parent=143127"}],"wp:term":[{"taxonomy":"product_brand","embeddable":true,"href":"https:\/\/www.sylvie-monthule.com\/fr\/wp-json\/wp\/v2\/product_brand?post=143127"},{"taxonomy":"product_cat","embeddable":true,"href":"https:\/\/www.sylvie-monthule.com\/fr\/wp-json\/wp\/v2\/product_cat?post=143127"},{"taxonomy":"product_tag","embeddable":true,"href":"https:\/\/www.sylvie-monthule.com\/fr\/wp-json\/wp\/v2\/product_tag?post=143127"}],"curies":[{"name":"wp","href":"https:\/\/api.w.org\/{rel}","templated":true}]}}