{"id":143125,"date":"2024-11-15T09:05:33","date_gmt":"2024-11-15T08:05:33","guid":{"rendered":"https:\/\/www.sylvie-monthule.com\/?post_type=product&#038;p=143125"},"modified":"2025-03-08T15:36:57","modified_gmt":"2025-03-08T14:36:57","slug":"mini-cache-sexe-or-plaisir-secret","status":"publish","type":"product","link":"https:\/\/www.sylvie-monthule.com\/fr\/bijou\/mini-cache-sexe-or-plaisir-secret\/","title":{"rendered":"Mini Cache sexe Or Plaisir Secret"},"content":{"rendered":"<p>Sous le mini cache-sexe d&rsquo;or orn\u00e9 d&#8217;empreintes f\u00e9lines, se cache un d\u00e9licieux secret. Une boule gourmande a gliss\u00e9 en vous, une boule noire aux reflets brillants, une boule qui masse votre sexe, le go\u00fbte, l&rsquo;enivre&#8230; Un string excitant con\u00e7u comme un sextoy !<\/p>\n","protected":false},"excerpt":{"rendered":"<p>Vous positionnez le cache-sexe comme vous le souhaitez.<br \/>\nGr\u00e2ce \u00e0 ses \u00e9lastiques en coton doux.<\/p>\n<p>Mini cache sexe \u00ab\u00a0effet granit\u00e9\u00a0\u00bb.<br \/>\nHauteur point maximum : 7,5 cm (env).<br \/>\n1 micron 16 carats et finition 24 carats sur m\u00e9tal.<br \/>\nEmpreintes en relief avec \u00e9maillage noir. Ornement dos string.<br \/>\nBoule en r\u00e9sine noire (dia 34 mm) sur chaine soud\u00e9e (Long chaine : 15 cm)<br \/>\nHypoallerg\u00e9nique.<\/p>\n","protected":false},"featured_media":142909,"template":"","meta":{"_acf_changed":false},"product_brand":[],"product_cat":[58,60],"product_tag":[],"class_list":{"0":"post-143125","1":"product","2":"type-product","3":"status-publish","4":"has-post-thumbnail","6":"product_cat-bijou-intime-femme","7":"product_cat-bijoux-penetrants-femme","8":"collection-quand-les-bijoux-osent","9":"product_option-tableau-tailles","11":"first","12":"instock","13":"taxable","14":"shipping-taxable","15":"purchasable","16":"product-type-simple"},"acf":[],"_links":{"self":[{"href":"https:\/\/www.sylvie-monthule.com\/fr\/wp-json\/wp\/v2\/product\/143125","targetHints":{"allow":["GET"]}}],"collection":[{"href":"https:\/\/www.sylvie-monthule.com\/fr\/wp-json\/wp\/v2\/product"}],"about":[{"href":"https:\/\/www.sylvie-monthule.com\/fr\/wp-json\/wp\/v2\/types\/product"}],"wp:featuredmedia":[{"embeddable":true,"href":"https:\/\/www.sylvie-monthule.com\/fr\/wp-json\/wp\/v2\/media\/142909"}],"wp:attachment":[{"href":"https:\/\/www.sylvie-monthule.com\/fr\/wp-json\/wp\/v2\/media?parent=143125"}],"wp:term":[{"taxonomy":"product_brand","embeddable":true,"href":"https:\/\/www.sylvie-monthule.com\/fr\/wp-json\/wp\/v2\/product_brand?post=143125"},{"taxonomy":"product_cat","embeddable":true,"href":"https:\/\/www.sylvie-monthule.com\/fr\/wp-json\/wp\/v2\/product_cat?post=143125"},{"taxonomy":"product_tag","embeddable":true,"href":"https:\/\/www.sylvie-monthule.com\/fr\/wp-json\/wp\/v2\/product_tag?post=143125"}],"curies":[{"name":"wp","href":"https:\/\/api.w.org\/{rel}","templated":true}]}}