{"id":138938,"date":"2024-05-22T13:31:14","date_gmt":"2024-05-22T12:31:14","guid":{"rendered":"https:\/\/www.sylvie-monthule.com\/?post_type=product&#038;p=138938"},"modified":"2025-01-10T11:40:07","modified_gmt":"2025-01-10T10:40:07","slug":"clips-sexe-larmes-demotion-or","status":"publish","type":"product","link":"https:\/\/www.sylvie-monthule.com\/fr\/bijou\/clips-sexe-larmes-demotion-or\/","title":{"rendered":"Clips sexe larmes d&rsquo;\u00e9motion or"},"content":{"rendered":"<p>Deux bijoux scintillent d\u00e9licieusement \u00e0 vos l\u00e8vres,<br \/>\ncomme deux diamants adorables et font danser<br \/>\nles gouttes d&rsquo;or entre vos cuisses,<br \/>\npour caresser la peau troubl\u00e9e&#8230;<br \/>\nBijoux intimes si sensuels !<\/p>\n","protected":false},"excerpt":{"rendered":"<p>Bijoux clips sans piercing, indolores.<br \/>\nA positionner sur petites ou grandes l\u00e8vres.<\/p>\n<p>Clips et ornements :<br \/>\n1 micron 16 carats et finition 24 carats sur m\u00e9tal.<br \/>\nCristaux \u00e0 facettes.<br \/>\nGouttes en pendentifs.<br \/>\nHypoallerg\u00e9nique.<\/p>\n","protected":false},"featured_media":139071,"template":"","meta":{"_acf_changed":false},"product_brand":[],"product_cat":[62],"product_tag":[],"class_list":{"0":"post-138938","1":"product","2":"type-product","3":"status-publish","4":"has-post-thumbnail","6":"product_cat-bijoux-sexe-non-piercing","7":"collection-nuit-amour-a-venise","8":"product_option-vendu-par-paire","10":"first","11":"instock","12":"taxable","13":"shipping-taxable","14":"purchasable","15":"product-type-simple"},"acf":[],"_links":{"self":[{"href":"https:\/\/www.sylvie-monthule.com\/fr\/wp-json\/wp\/v2\/product\/138938","targetHints":{"allow":["GET"]}}],"collection":[{"href":"https:\/\/www.sylvie-monthule.com\/fr\/wp-json\/wp\/v2\/product"}],"about":[{"href":"https:\/\/www.sylvie-monthule.com\/fr\/wp-json\/wp\/v2\/types\/product"}],"wp:featuredmedia":[{"embeddable":true,"href":"https:\/\/www.sylvie-monthule.com\/fr\/wp-json\/wp\/v2\/media\/139071"}],"wp:attachment":[{"href":"https:\/\/www.sylvie-monthule.com\/fr\/wp-json\/wp\/v2\/media?parent=138938"}],"wp:term":[{"taxonomy":"product_brand","embeddable":true,"href":"https:\/\/www.sylvie-monthule.com\/fr\/wp-json\/wp\/v2\/product_brand?post=138938"},{"taxonomy":"product_cat","embeddable":true,"href":"https:\/\/www.sylvie-monthule.com\/fr\/wp-json\/wp\/v2\/product_cat?post=138938"},{"taxonomy":"product_tag","embeddable":true,"href":"https:\/\/www.sylvie-monthule.com\/fr\/wp-json\/wp\/v2\/product_tag?post=138938"}],"curies":[{"name":"wp","href":"https:\/\/api.w.org\/{rel}","templated":true}]}}