{"id":135893,"date":"2023-11-10T08:33:44","date_gmt":"2023-11-10T07:33:44","guid":{"rendered":"https:\/\/www.sylvie-monthule.com\/?post_type=product&#038;p=135893"},"modified":"2025-01-10T11:40:58","modified_gmt":"2025-01-10T10:40:58","slug":"bijou-testicules-or-grappe-hematites","status":"publish","type":"product","link":"https:\/\/www.sylvie-monthule.com\/fr\/bijou\/bijou-testicules-or-grappe-hematites\/","title":{"rendered":"Bijou testicules Or grappe h\u00e9matites"},"content":{"rendered":"<p>Les 3 h\u00e9matites lov\u00e9es sous votre p\u00e9nis jouent avec vos sens ! Les boules pleines et suspendues aux chaines d&rsquo;or s&rsquo;entrechoquent et s&rsquo;agitent sans cesse sur vos testicules. Les 3 pendentifs diffusent fr\u00f4lements et caresses. Un bijou de p\u00e9nis incontournable en forme de grappe gourmande que votre partenaire sentira sur sa peau pendant l&rsquo;amour&#8230;<\/p>\n","protected":false},"excerpt":{"rendered":"<p>Bijou testicules avec base \u00e9lastiqu\u00e9e<br \/>\npour un maintien parfait.<\/p>\n<p>Chaine haute dorure 1 micron 16 carats<br \/>\net finition 24 carats sur m\u00e9tal.<br \/>\nBoules h\u00e9matites en pendentifs.<br \/>\nHypoallerg\u00e9nique.<\/p>\n","protected":false},"featured_media":135159,"template":"","meta":{"_acf_changed":false},"product_brand":[],"product_cat":[56,65],"product_tag":[],"class_list":{"0":"post-135893","1":"product","2":"type-product","3":"status-publish","4":"has-post-thumbnail","6":"product_cat-bijoux-hommes","7":"product_cat-bijoux-intimes-sexe","8":"collection-le-jardin-defendu","10":"first","11":"instock","12":"taxable","13":"shipping-taxable","14":"purchasable","15":"product-type-simple"},"acf":[],"_links":{"self":[{"href":"https:\/\/www.sylvie-monthule.com\/fr\/wp-json\/wp\/v2\/product\/135893","targetHints":{"allow":["GET"]}}],"collection":[{"href":"https:\/\/www.sylvie-monthule.com\/fr\/wp-json\/wp\/v2\/product"}],"about":[{"href":"https:\/\/www.sylvie-monthule.com\/fr\/wp-json\/wp\/v2\/types\/product"}],"wp:featuredmedia":[{"embeddable":true,"href":"https:\/\/www.sylvie-monthule.com\/fr\/wp-json\/wp\/v2\/media\/135159"}],"wp:attachment":[{"href":"https:\/\/www.sylvie-monthule.com\/fr\/wp-json\/wp\/v2\/media?parent=135893"}],"wp:term":[{"taxonomy":"product_brand","embeddable":true,"href":"https:\/\/www.sylvie-monthule.com\/fr\/wp-json\/wp\/v2\/product_brand?post=135893"},{"taxonomy":"product_cat","embeddable":true,"href":"https:\/\/www.sylvie-monthule.com\/fr\/wp-json\/wp\/v2\/product_cat?post=135893"},{"taxonomy":"product_tag","embeddable":true,"href":"https:\/\/www.sylvie-monthule.com\/fr\/wp-json\/wp\/v2\/product_tag?post=135893"}],"curies":[{"name":"wp","href":"https:\/\/api.w.org\/{rel}","templated":true}]}}