{"id":135888,"date":"2023-11-10T08:33:46","date_gmt":"2023-11-10T07:33:46","guid":{"rendered":"https:\/\/www.sylvie-monthule.com\/?post_type=product&#038;p=135888"},"modified":"2025-01-10T11:40:56","modified_gmt":"2025-01-10T10:40:56","slug":"bijou-penis-feuille-argent","status":"publish","type":"product","link":"https:\/\/www.sylvie-monthule.com\/fr\/bijou\/bijou-penis-feuille-argent\/","title":{"rendered":"Bijou p\u00e9nis Feuille Argent"},"content":{"rendered":"<p>Une feuille d&rsquo;Argent orne la base de votre p\u00e9nis, juste sertie d&rsquo;une pierre bleue lumineuse. Un bijou au design pur et sobre inspir\u00e9 de la nature, et de ses formes qui mettent si bien en valeur la nudit\u00e9. La goutte pleine oscillant sous votre sexe et qui caresse la peau est un appel au d\u00e9sir. Un bijou pour Lui en harmonie avec la ligne feuillage pour Elle&#8230;<\/p>\n","protected":false},"excerpt":{"rendered":"<p>Bijou de p\u00e9nis avec base \u00e9lastiqu\u00e9e<br \/>\npour un maintien parfait.<\/p>\n<p>Feuille et ornements :<br \/>\nPlaqu\u00e9 argent 10 microns sur m\u00e9tal.<br \/>\nPierre en verre coloris aigue-marine.<br \/>\nPendentif goutte pleine.<br \/>\nHypoallerg\u00e9nique.<\/p>\n","protected":false},"featured_media":135079,"template":"","meta":{"_acf_changed":false},"product_brand":[],"product_cat":[56,65],"product_tag":[],"class_list":{"0":"post-135888","1":"product","2":"type-product","3":"status-publish","4":"has-post-thumbnail","6":"product_cat-bijoux-hommes","7":"product_cat-bijoux-intimes-sexe","8":"collection-le-jardin-defendu","10":"first","11":"instock","12":"taxable","13":"shipping-taxable","14":"purchasable","15":"product-type-simple"},"acf":[],"_links":{"self":[{"href":"https:\/\/www.sylvie-monthule.com\/fr\/wp-json\/wp\/v2\/product\/135888","targetHints":{"allow":["GET"]}}],"collection":[{"href":"https:\/\/www.sylvie-monthule.com\/fr\/wp-json\/wp\/v2\/product"}],"about":[{"href":"https:\/\/www.sylvie-monthule.com\/fr\/wp-json\/wp\/v2\/types\/product"}],"wp:featuredmedia":[{"embeddable":true,"href":"https:\/\/www.sylvie-monthule.com\/fr\/wp-json\/wp\/v2\/media\/135079"}],"wp:attachment":[{"href":"https:\/\/www.sylvie-monthule.com\/fr\/wp-json\/wp\/v2\/media?parent=135888"}],"wp:term":[{"taxonomy":"product_brand","embeddable":true,"href":"https:\/\/www.sylvie-monthule.com\/fr\/wp-json\/wp\/v2\/product_brand?post=135888"},{"taxonomy":"product_cat","embeddable":true,"href":"https:\/\/www.sylvie-monthule.com\/fr\/wp-json\/wp\/v2\/product_cat?post=135888"},{"taxonomy":"product_tag","embeddable":true,"href":"https:\/\/www.sylvie-monthule.com\/fr\/wp-json\/wp\/v2\/product_tag?post=135888"}],"curies":[{"name":"wp","href":"https:\/\/api.w.org\/{rel}","templated":true}]}}