{"id":135886,"date":"2023-11-10T08:33:46","date_gmt":"2023-11-10T07:33:46","guid":{"rendered":"https:\/\/www.sylvie-monthule.com\/?post_type=product&#038;p=135886"},"modified":"2025-10-06T08:07:43","modified_gmt":"2025-10-06T07:07:43","slug":"clips-sexe-or-feuillage","status":"publish","type":"product","link":"https:\/\/www.sylvie-monthule.com\/fr\/bijou\/clips-sexe-or-feuillage\/","title":{"rendered":"Clips sexe Or Feuillage"},"content":{"rendered":"<p>Ornez votre sexe de clips Or aux cristaux purs et scintillants ! Go\u00fbtez \u00e0 la caresse des pendentifs qui virevoltent sur vos l\u00e8vres, aux fr\u00f4lements adorables des feuilles d&rsquo;or miniatures&#8230;<\/p>\n","protected":false},"excerpt":{"rendered":"<p>Bijoux clips sans piercing, indolores.<br \/>\nA positionner sur petites ou grandes l\u00e8vres.<\/p>\n<p>Clips et ornements :<br \/>\n1 micron 16 carats et finition 24 carats sur m\u00e9tal.<br \/>\nCristaux \u00e0 facettes.<br \/>\nFeuilles en pendentifs.<br \/>\nHypoallerg\u00e9nique.<\/p>\n","protected":false},"featured_media":135579,"template":"","meta":{"_acf_changed":false},"product_brand":[],"product_cat":[58,62],"product_tag":[],"class_list":{"0":"post-135886","1":"product","2":"type-product","3":"status-publish","4":"has-post-thumbnail","6":"product_cat-bijou-intime-femme","7":"product_cat-bijoux-sexe-non-piercing","8":"collection-30-ans-derotisme","9":"collection-le-jardin-defendu","10":"product_option-vendu-par-paire","12":"first","13":"instock","14":"taxable","15":"shipping-taxable","16":"purchasable","17":"product-type-simple"},"acf":[],"_links":{"self":[{"href":"https:\/\/www.sylvie-monthule.com\/fr\/wp-json\/wp\/v2\/product\/135886","targetHints":{"allow":["GET"]}}],"collection":[{"href":"https:\/\/www.sylvie-monthule.com\/fr\/wp-json\/wp\/v2\/product"}],"about":[{"href":"https:\/\/www.sylvie-monthule.com\/fr\/wp-json\/wp\/v2\/types\/product"}],"wp:featuredmedia":[{"embeddable":true,"href":"https:\/\/www.sylvie-monthule.com\/fr\/wp-json\/wp\/v2\/media\/135579"}],"wp:attachment":[{"href":"https:\/\/www.sylvie-monthule.com\/fr\/wp-json\/wp\/v2\/media?parent=135886"}],"wp:term":[{"taxonomy":"product_brand","embeddable":true,"href":"https:\/\/www.sylvie-monthule.com\/fr\/wp-json\/wp\/v2\/product_brand?post=135886"},{"taxonomy":"product_cat","embeddable":true,"href":"https:\/\/www.sylvie-monthule.com\/fr\/wp-json\/wp\/v2\/product_cat?post=135886"},{"taxonomy":"product_tag","embeddable":true,"href":"https:\/\/www.sylvie-monthule.com\/fr\/wp-json\/wp\/v2\/product_tag?post=135886"}],"curies":[{"name":"wp","href":"https:\/\/api.w.org\/{rel}","templated":true}]}}