{"id":135885,"date":"2023-11-10T08:33:47","date_gmt":"2023-11-10T07:33:47","guid":{"rendered":"https:\/\/www.sylvie-monthule.com\/?post_type=product&#038;p=135885"},"modified":"2025-02-27T14:26:23","modified_gmt":"2025-02-27T13:26:23","slug":"bijou-fesses-rose-damour-argent","status":"publish","type":"product","link":"https:\/\/www.sylvie-monthule.com\/fr\/bijou\/bijou-fesses-rose-damour-argent\/","title":{"rendered":"Bijou fesses Rose d&rsquo;amour Argent"},"content":{"rendered":"<p>Offrez-lui une rose d&rsquo;Argent pour dire \u00ab\u00a0je t&rsquo;aime\u00a0\u00bb&#8230; Offrez-lui une rose unique pour sublimer sa f\u00e9minit\u00e9. La fleur aux p\u00e9tales de velours s&rsquo;est pos\u00e9e dans le creux de vos reins, l\u00e0 ou vos courbes se d\u00e9voilent&#8230; et la rose glisse entre vos fesses une goutte de parfum au coeur \u00e9clatant de ros\u00e9e, une pierre ronde et bomb\u00e9e, lumineuse, aux reflets bleus&#8230; Et si une rose unique, une rose bijou sacrait votre f\u00e9minit\u00e9.<\/p>\n","protected":false},"excerpt":{"rendered":"<p>Indiquez dans le bloc taille votre choix :<br \/>\nS, M, L, XL&#8230;. Quelle que soit la taille choisie<br \/>\nnos bijoux taille ont un r\u00e9glage.<\/p>\n<p>Rose et ornements :<br \/>\nPlaqu\u00e9 argent 10 microns sur m\u00e9tal.<br \/>\nPierre en verre coloris bleu aigue-marine.<br \/>\nHauteur Rose : 2,5 cm (environ)<br \/>\nHypoallerg\u00e9nique.<\/p>\n","protected":false},"featured_media":135391,"template":"","meta":{"_acf_changed":false},"product_brand":[],"product_cat":[58,67],"product_tag":[],"class_list":{"0":"post-135885","1":"product","2":"type-product","3":"status-publish","4":"has-post-thumbnail","6":"product_cat-bijou-intime-femme","7":"product_cat-bijoux-taille-et-cheville","8":"collection-le-jardin-defendu","10":"first","11":"instock","12":"taxable","13":"shipping-taxable","14":"purchasable","15":"product-type-variable","16":"has-default-attributes"},"acf":[],"_links":{"self":[{"href":"https:\/\/www.sylvie-monthule.com\/fr\/wp-json\/wp\/v2\/product\/135885","targetHints":{"allow":["GET"]}}],"collection":[{"href":"https:\/\/www.sylvie-monthule.com\/fr\/wp-json\/wp\/v2\/product"}],"about":[{"href":"https:\/\/www.sylvie-monthule.com\/fr\/wp-json\/wp\/v2\/types\/product"}],"wp:featuredmedia":[{"embeddable":true,"href":"https:\/\/www.sylvie-monthule.com\/fr\/wp-json\/wp\/v2\/media\/135391"}],"wp:attachment":[{"href":"https:\/\/www.sylvie-monthule.com\/fr\/wp-json\/wp\/v2\/media?parent=135885"}],"wp:term":[{"taxonomy":"product_brand","embeddable":true,"href":"https:\/\/www.sylvie-monthule.com\/fr\/wp-json\/wp\/v2\/product_brand?post=135885"},{"taxonomy":"product_cat","embeddable":true,"href":"https:\/\/www.sylvie-monthule.com\/fr\/wp-json\/wp\/v2\/product_cat?post=135885"},{"taxonomy":"product_tag","embeddable":true,"href":"https:\/\/www.sylvie-monthule.com\/fr\/wp-json\/wp\/v2\/product_tag?post=135885"}],"curies":[{"name":"wp","href":"https:\/\/api.w.org\/{rel}","templated":true}]}}